{"id":7941,"date":"2021-05-04T06:33:21","date_gmt":"2021-05-04T06:33:21","guid":{"rendered":"http:\/\/szeged-csanad.hu\/leveltar\/?page_id=7941"},"modified":"2021-06-15T20:59:48","modified_gmt":"2021-06-15T20:59:48","slug":"nagyvaradi-korlevelek","status":"publish","type":"page","link":"https:\/\/szeged-csanad.hu\/leveltar\/nagyvaradi-korlevelek\/","title":{"rendered":"Nagyv\u00e1radi k\u00f6rlevelek"},"content":{"rendered":"<p>Nagyv\u00e1radi k\u00f6rlevelek digitaliz\u00e1l\u00e1sa \u00e9s felt\u00f6lt\u00e9se honlapunkra folyamatosan t\u00f6rt\u00e9nik\u00a01858-1940-ig<\/p>\n","protected":false},"excerpt":{"rendered":"<p>Nagyv\u00e1radi k\u00f6rlevelek digitaliz\u00e1l\u00e1sa \u00e9s felt\u00f6lt\u00e9se honlapunkra folyamatosan t\u00f6rt\u00e9nik\u00a01858-1940-ig<\/p>\n","protected":false},"author":1,"featured_media":0,"parent":0,"menu_order":0,"comment_status":"closed","ping_status":"closed","template":"","meta":[],"yoast_head":"<!-- This site is optimized with the Yoast SEO plugin v19.9 - https:\/\/yoast.com\/wordpress\/plugins\/seo\/ -->\n<title>Nagyv\u00e1radi k\u00f6rlevelek - Lev\u00e9lt\u00e1r<\/title>\n<meta name=\"robots\" content=\"index, follow, max-snippet:-1, max-image-preview:large, max-video-preview:-1\" \/>\n<link rel=\"canonical\" href=\"http:\/\/szeged-csanad.hu\/leveltar\/nagyvaradi-korlevelek\/\" \/>\n<meta property=\"og:locale\" content=\"en_US\" \/>\n<meta property=\"og:type\" content=\"article\" \/>\n<meta property=\"og:title\" content=\"Nagyv\u00e1radi k\u00f6rlevelek - Lev\u00e9lt\u00e1r\" \/>\n<meta property=\"og:description\" content=\"Nagyv\u00e1radi k\u00f6rlevelek digitaliz\u00e1l\u00e1sa \u00e9s felt\u00f6lt\u00e9se honlapunkra folyamatosan t\u00f6rt\u00e9nik\u00a01858-1940-ig\" \/>\n<meta property=\"og:url\" content=\"http:\/\/szeged-csanad.hu\/leveltar\/nagyvaradi-korlevelek\/\" \/>\n<meta property=\"og:site_name\" content=\"Lev\u00e9lt\u00e1r\" \/>\n<meta property=\"article:modified_time\" content=\"2021-06-15T20:59:48+00:00\" \/>\n<meta name=\"twitter:card\" content=\"summary_large_image\" \/>\n<meta name=\"twitter:label1\" content=\"Est. reading time\" \/>\n\t<meta name=\"twitter:data1\" content=\"1 minute\" \/>\n<script type=\"application\/ld+json\" class=\"yoast-schema-graph\">{\"@context\":\"https:\/\/schema.org\",\"@graph\":[{\"@type\":\"WebPage\",\"@id\":\"http:\/\/szeged-csanad.hu\/leveltar\/nagyvaradi-korlevelek\/\",\"url\":\"http:\/\/szeged-csanad.hu\/leveltar\/nagyvaradi-korlevelek\/\",\"name\":\"Nagyv\u00e1radi k\u00f6rlevelek - Lev\u00e9lt\u00e1r\",\"isPartOf\":{\"@id\":\"http:\/\/szeged-csanad.hu\/leveltar\/#website\"},\"datePublished\":\"2021-05-04T06:33:21+00:00\",\"dateModified\":\"2021-06-15T20:59:48+00:00\",\"inLanguage\":\"en-US\",\"potentialAction\":[{\"@type\":\"ReadAction\",\"target\":[\"http:\/\/szeged-csanad.hu\/leveltar\/nagyvaradi-korlevelek\/\"]}]},{\"@type\":\"WebSite\",\"@id\":\"http:\/\/szeged-csanad.hu\/leveltar\/#website\",\"url\":\"http:\/\/szeged-csanad.hu\/leveltar\/\",\"name\":\"Lev\u00e9lt\u00e1r\",\"description\":\"\",\"potentialAction\":[{\"@type\":\"SearchAction\",\"target\":{\"@type\":\"EntryPoint\",\"urlTemplate\":\"http:\/\/szeged-csanad.hu\/leveltar\/?s={search_term_string}\"},\"query-input\":\"required name=search_term_string\"}],\"inLanguage\":\"en-US\"}]}<\/script>\n<!-- \/ Yoast SEO plugin. -->","yoast_head_json":{"title":"Nagyv\u00e1radi k\u00f6rlevelek - Lev\u00e9lt\u00e1r","robots":{"index":"index","follow":"follow","max-snippet":"max-snippet:-1","max-image-preview":"max-image-preview:large","max-video-preview":"max-video-preview:-1"},"canonical":"http:\/\/szeged-csanad.hu\/leveltar\/nagyvaradi-korlevelek\/","og_locale":"en_US","og_type":"article","og_title":"Nagyv\u00e1radi k\u00f6rlevelek - Lev\u00e9lt\u00e1r","og_description":"Nagyv\u00e1radi k\u00f6rlevelek digitaliz\u00e1l\u00e1sa \u00e9s felt\u00f6lt\u00e9se honlapunkra folyamatosan t\u00f6rt\u00e9nik\u00a01858-1940-ig","og_url":"http:\/\/szeged-csanad.hu\/leveltar\/nagyvaradi-korlevelek\/","og_site_name":"Lev\u00e9lt\u00e1r","article_modified_time":"2021-06-15T20:59:48+00:00","twitter_card":"summary_large_image","twitter_misc":{"Est. reading time":"1 minute"},"schema":{"@context":"https:\/\/schema.org","@graph":[{"@type":"WebPage","@id":"http:\/\/szeged-csanad.hu\/leveltar\/nagyvaradi-korlevelek\/","url":"http:\/\/szeged-csanad.hu\/leveltar\/nagyvaradi-korlevelek\/","name":"Nagyv\u00e1radi k\u00f6rlevelek - Lev\u00e9lt\u00e1r","isPartOf":{"@id":"http:\/\/szeged-csanad.hu\/leveltar\/#website"},"datePublished":"2021-05-04T06:33:21+00:00","dateModified":"2021-06-15T20:59:48+00:00","inLanguage":"en-US","potentialAction":[{"@type":"ReadAction","target":["http:\/\/szeged-csanad.hu\/leveltar\/nagyvaradi-korlevelek\/"]}]},{"@type":"WebSite","@id":"http:\/\/szeged-csanad.hu\/leveltar\/#website","url":"http:\/\/szeged-csanad.hu\/leveltar\/","name":"Lev\u00e9lt\u00e1r","description":"","potentialAction":[{"@type":"SearchAction","target":{"@type":"EntryPoint","urlTemplate":"http:\/\/szeged-csanad.hu\/leveltar\/?s={search_term_string}"},"query-input":"required name=search_term_string"}],"inLanguage":"en-US"}]}},"_links":{"self":[{"href":"https:\/\/szeged-csanad.hu\/leveltar\/wp-json\/wp\/v2\/pages\/7941"}],"collection":[{"href":"https:\/\/szeged-csanad.hu\/leveltar\/wp-json\/wp\/v2\/pages"}],"about":[{"href":"https:\/\/szeged-csanad.hu\/leveltar\/wp-json\/wp\/v2\/types\/page"}],"author":[{"embeddable":true,"href":"https:\/\/szeged-csanad.hu\/leveltar\/wp-json\/wp\/v2\/users\/1"}],"replies":[{"embeddable":true,"href":"https:\/\/szeged-csanad.hu\/leveltar\/wp-json\/wp\/v2\/comments?post=7941"}],"version-history":[{"count":5,"href":"https:\/\/szeged-csanad.hu\/leveltar\/wp-json\/wp\/v2\/pages\/7941\/revisions"}],"predecessor-version":[{"id":15306,"href":"https:\/\/szeged-csanad.hu\/leveltar\/wp-json\/wp\/v2\/pages\/7941\/revisions\/15306"}],"wp:attachment":[{"href":"https:\/\/szeged-csanad.hu\/leveltar\/wp-json\/wp\/v2\/media?parent=7941"}],"curies":[{"name":"wp","href":"https:\/\/api.w.org\/{rel}","templated":true}]}}