{"id":325,"date":"2021-04-27T06:58:57","date_gmt":"2021-04-27T06:58:57","guid":{"rendered":"http:\/\/szeged-csanad.hu\/leveltar\/?page_id=325"},"modified":"2021-04-27T07:02:04","modified_gmt":"2021-04-27T07:02:04","slug":"korlevelek-2","status":"publish","type":"page","link":"https:\/\/szeged-csanad.hu\/leveltar\/korlevelek-2\/","title":{"rendered":"K\u00f6rlevelek"},"content":{"rendered":"<p><strong>Temesv\u00e1ri K\u00f6rlevelek<\/strong><\/p>\n<p>A k\u00f6rlevelek 1855-t\u00f3l 1928-ig feldolgoz\u00e1s alatt vannak.<\/p>\n<hr \/>\n<p><strong>Nagyv\u00e1radi K\u00f6rlevelek<\/strong><\/p>\n<p>Kutathat\u00f3v\u00e1 v\u00e1ltak fondjegyz\u00e9k\u00fcnkben SzCsEL VII. 8. c. alatt a Nagyv\u00e1radi k\u00f6rlevelek 1858-1940 k\u00f6z\u00f6tt. A k\u00f6rleveleket lapozhat\u00f3 form\u00e1tumban tessz\u00fck k\u00f6zz\u00e9 honlapunkon, amelyek az adott \u00e9vre r\u00e1kattintva jelennek meg.<\/p>\n<p>1858, 1859, 1860, 1861, 1862, 1863, 1864, 1865, 1866, 1867, 1868, 1869, 1870, 1871, 1872-1875, 1880, 1881, 1882, 1883, 1884, 1885, 1886, 1887, 1888, 1889, 1890, 1891, 1892, 1893, 1894, 1895, 1896, 1897, 1898, 1899, 1900, 1901, 1902, 1903, 1904, 1905, 1906, 1907, 1908, 1909, 1910, 1911, 1912, 1913, 1914, 1915, 1916, 1917, 1918, 1919, 1920, 1922-1924, 1922-1939, 1940<\/p>\n<hr \/>\n<p><strong>Csan\u00e1di \u00e9s Szeged-Csan\u00e1di K\u00f6rlevelek<\/strong><\/p>\n<p>A k\u00f6rlevelek 1925-t\u0151l 2018-ig, feldolgoz\u00e1s alatt van.<\/p>\n<p>1925-1930, 1931-1936, 1942-1943, 1944-1948, 1949-1955, 1956-1963, 1960-1979, 1977-1984, 1986-1995, 1996-2000, 2001-2005, 2006, 2007-2018<\/p>\n","protected":false},"excerpt":{"rendered":"<p>Temesv\u00e1ri K\u00f6rlevelek A k\u00f6rlevelek 1855-t\u00f3l 1928-ig feldolgoz\u00e1s alatt vannak. Nagyv\u00e1radi K\u00f6rlevelek Kutathat\u00f3v\u00e1 v\u00e1ltak fondjegyz\u00e9k\u00fcnkben SzCsEL VII. 8. c. alatt a Nagyv\u00e1radi k\u00f6rlevelek 1858-1940 k\u00f6z\u00f6tt. A k\u00f6rleveleket lapozhat\u00f3 form\u00e1tumban tessz\u00fck k\u00f6zz\u00e9 [&hellip;]<\/p>\n","protected":false},"author":1,"featured_media":0,"parent":0,"menu_order":0,"comment_status":"closed","ping_status":"closed","template":"","meta":[],"yoast_head":"<!-- This site is optimized with the Yoast SEO plugin v19.9 - https:\/\/yoast.com\/wordpress\/plugins\/seo\/ -->\n<title>K\u00f6rlevelek - Lev\u00e9lt\u00e1r<\/title>\n<meta name=\"robots\" content=\"index, follow, max-snippet:-1, max-image-preview:large, max-video-preview:-1\" \/>\n<link rel=\"canonical\" href=\"http:\/\/szeged-csanad.hu\/leveltar\/korlevelek-2\/\" \/>\n<meta property=\"og:locale\" content=\"en_US\" \/>\n<meta property=\"og:type\" content=\"article\" \/>\n<meta property=\"og:title\" content=\"K\u00f6rlevelek - Lev\u00e9lt\u00e1r\" \/>\n<meta property=\"og:description\" content=\"Temesv\u00e1ri K\u00f6rlevelek A k\u00f6rlevelek 1855-t\u00f3l 1928-ig feldolgoz\u00e1s alatt vannak. Nagyv\u00e1radi K\u00f6rlevelek Kutathat\u00f3v\u00e1 v\u00e1ltak fondjegyz\u00e9k\u00fcnkben SzCsEL VII. 8. c. alatt a Nagyv\u00e1radi k\u00f6rlevelek 1858-1940 k\u00f6z\u00f6tt. A k\u00f6rleveleket lapozhat\u00f3 form\u00e1tumban tessz\u00fck k\u00f6zz\u00e9 [&hellip;]\" \/>\n<meta property=\"og:url\" content=\"http:\/\/szeged-csanad.hu\/leveltar\/korlevelek-2\/\" \/>\n<meta property=\"og:site_name\" content=\"Lev\u00e9lt\u00e1r\" \/>\n<meta property=\"article:modified_time\" content=\"2021-04-27T07:02:04+00:00\" \/>\n<meta name=\"twitter:card\" content=\"summary_large_image\" \/>\n<meta name=\"twitter:label1\" content=\"Est. reading time\" \/>\n\t<meta name=\"twitter:data1\" content=\"1 minute\" \/>\n<script type=\"application\/ld+json\" class=\"yoast-schema-graph\">{\"@context\":\"https:\/\/schema.org\",\"@graph\":[{\"@type\":\"WebPage\",\"@id\":\"http:\/\/szeged-csanad.hu\/leveltar\/korlevelek-2\/\",\"url\":\"http:\/\/szeged-csanad.hu\/leveltar\/korlevelek-2\/\",\"name\":\"K\u00f6rlevelek - Lev\u00e9lt\u00e1r\",\"isPartOf\":{\"@id\":\"http:\/\/szeged-csanad.hu\/leveltar\/#website\"},\"datePublished\":\"2021-04-27T06:58:57+00:00\",\"dateModified\":\"2021-04-27T07:02:04+00:00\",\"inLanguage\":\"en-US\",\"potentialAction\":[{\"@type\":\"ReadAction\",\"target\":[\"http:\/\/szeged-csanad.hu\/leveltar\/korlevelek-2\/\"]}]},{\"@type\":\"WebSite\",\"@id\":\"http:\/\/szeged-csanad.hu\/leveltar\/#website\",\"url\":\"http:\/\/szeged-csanad.hu\/leveltar\/\",\"name\":\"Lev\u00e9lt\u00e1r\",\"description\":\"\",\"potentialAction\":[{\"@type\":\"SearchAction\",\"target\":{\"@type\":\"EntryPoint\",\"urlTemplate\":\"http:\/\/szeged-csanad.hu\/leveltar\/?s={search_term_string}\"},\"query-input\":\"required name=search_term_string\"}],\"inLanguage\":\"en-US\"}]}<\/script>\n<!-- \/ Yoast SEO plugin. -->","yoast_head_json":{"title":"K\u00f6rlevelek - Lev\u00e9lt\u00e1r","robots":{"index":"index","follow":"follow","max-snippet":"max-snippet:-1","max-image-preview":"max-image-preview:large","max-video-preview":"max-video-preview:-1"},"canonical":"http:\/\/szeged-csanad.hu\/leveltar\/korlevelek-2\/","og_locale":"en_US","og_type":"article","og_title":"K\u00f6rlevelek - Lev\u00e9lt\u00e1r","og_description":"Temesv\u00e1ri K\u00f6rlevelek A k\u00f6rlevelek 1855-t\u00f3l 1928-ig feldolgoz\u00e1s alatt vannak. Nagyv\u00e1radi K\u00f6rlevelek Kutathat\u00f3v\u00e1 v\u00e1ltak fondjegyz\u00e9k\u00fcnkben SzCsEL VII. 8. c. alatt a Nagyv\u00e1radi k\u00f6rlevelek 1858-1940 k\u00f6z\u00f6tt. A k\u00f6rleveleket lapozhat\u00f3 form\u00e1tumban tessz\u00fck k\u00f6zz\u00e9 [&hellip;]","og_url":"http:\/\/szeged-csanad.hu\/leveltar\/korlevelek-2\/","og_site_name":"Lev\u00e9lt\u00e1r","article_modified_time":"2021-04-27T07:02:04+00:00","twitter_card":"summary_large_image","twitter_misc":{"Est. reading time":"1 minute"},"schema":{"@context":"https:\/\/schema.org","@graph":[{"@type":"WebPage","@id":"http:\/\/szeged-csanad.hu\/leveltar\/korlevelek-2\/","url":"http:\/\/szeged-csanad.hu\/leveltar\/korlevelek-2\/","name":"K\u00f6rlevelek - Lev\u00e9lt\u00e1r","isPartOf":{"@id":"http:\/\/szeged-csanad.hu\/leveltar\/#website"},"datePublished":"2021-04-27T06:58:57+00:00","dateModified":"2021-04-27T07:02:04+00:00","inLanguage":"en-US","potentialAction":[{"@type":"ReadAction","target":["http:\/\/szeged-csanad.hu\/leveltar\/korlevelek-2\/"]}]},{"@type":"WebSite","@id":"http:\/\/szeged-csanad.hu\/leveltar\/#website","url":"http:\/\/szeged-csanad.hu\/leveltar\/","name":"Lev\u00e9lt\u00e1r","description":"","potentialAction":[{"@type":"SearchAction","target":{"@type":"EntryPoint","urlTemplate":"http:\/\/szeged-csanad.hu\/leveltar\/?s={search_term_string}"},"query-input":"required name=search_term_string"}],"inLanguage":"en-US"}]}},"_links":{"self":[{"href":"https:\/\/szeged-csanad.hu\/leveltar\/wp-json\/wp\/v2\/pages\/325"}],"collection":[{"href":"https:\/\/szeged-csanad.hu\/leveltar\/wp-json\/wp\/v2\/pages"}],"about":[{"href":"https:\/\/szeged-csanad.hu\/leveltar\/wp-json\/wp\/v2\/types\/page"}],"author":[{"embeddable":true,"href":"https:\/\/szeged-csanad.hu\/leveltar\/wp-json\/wp\/v2\/users\/1"}],"replies":[{"embeddable":true,"href":"https:\/\/szeged-csanad.hu\/leveltar\/wp-json\/wp\/v2\/comments?post=325"}],"version-history":[{"count":3,"href":"https:\/\/szeged-csanad.hu\/leveltar\/wp-json\/wp\/v2\/pages\/325\/revisions"}],"predecessor-version":[{"id":329,"href":"https:\/\/szeged-csanad.hu\/leveltar\/wp-json\/wp\/v2\/pages\/325\/revisions\/329"}],"wp:attachment":[{"href":"https:\/\/szeged-csanad.hu\/leveltar\/wp-json\/wp\/v2\/media?parent=325"}],"curies":[{"name":"wp","href":"https:\/\/api.w.org\/{rel}","templated":true}]}}