{"id":311,"date":"2021-04-27T06:42:58","date_gmt":"2021-04-27T06:42:58","guid":{"rendered":"http:\/\/szeged-csanad.hu\/leveltar\/?page_id=311"},"modified":"2021-04-27T06:42:58","modified_gmt":"2021-04-27T06:42:58","slug":"leveltari-oklevelek","status":"publish","type":"page","link":"https:\/\/szeged-csanad.hu\/leveltar\/leveltari-oklevelek\/","title":{"rendered":"Lev\u00e9lt\u00e1ri oklevelek"},"content":{"rendered":"","protected":false},"excerpt":{"rendered":"","protected":false},"author":1,"featured_media":0,"parent":0,"menu_order":0,"comment_status":"closed","ping_status":"closed","template":"","meta":[],"yoast_head":"<!-- This site is optimized with the Yoast SEO plugin v19.9 - https:\/\/yoast.com\/wordpress\/plugins\/seo\/ -->\n<title>Lev\u00e9lt\u00e1ri oklevelek - Lev\u00e9lt\u00e1r<\/title>\n<meta name=\"robots\" content=\"index, follow, max-snippet:-1, max-image-preview:large, max-video-preview:-1\" \/>\n<link rel=\"canonical\" href=\"http:\/\/szeged-csanad.hu\/leveltar\/leveltari-oklevelek\/\" \/>\n<meta property=\"og:locale\" content=\"en_US\" \/>\n<meta property=\"og:type\" content=\"article\" \/>\n<meta property=\"og:title\" content=\"Lev\u00e9lt\u00e1ri oklevelek - Lev\u00e9lt\u00e1r\" \/>\n<meta property=\"og:url\" content=\"http:\/\/szeged-csanad.hu\/leveltar\/leveltari-oklevelek\/\" \/>\n<meta property=\"og:site_name\" content=\"Lev\u00e9lt\u00e1r\" \/>\n<meta name=\"twitter:card\" content=\"summary_large_image\" \/>\n<script type=\"application\/ld+json\" class=\"yoast-schema-graph\">{\"@context\":\"https:\/\/schema.org\",\"@graph\":[{\"@type\":\"WebPage\",\"@id\":\"http:\/\/szeged-csanad.hu\/leveltar\/leveltari-oklevelek\/\",\"url\":\"http:\/\/szeged-csanad.hu\/leveltar\/leveltari-oklevelek\/\",\"name\":\"Lev\u00e9lt\u00e1ri oklevelek - Lev\u00e9lt\u00e1r\",\"isPartOf\":{\"@id\":\"http:\/\/szeged-csanad.hu\/leveltar\/#website\"},\"datePublished\":\"2021-04-27T06:42:58+00:00\",\"dateModified\":\"2021-04-27T06:42:58+00:00\",\"inLanguage\":\"en-US\",\"potentialAction\":[{\"@type\":\"ReadAction\",\"target\":[\"http:\/\/szeged-csanad.hu\/leveltar\/leveltari-oklevelek\/\"]}]},{\"@type\":\"WebSite\",\"@id\":\"http:\/\/szeged-csanad.hu\/leveltar\/#website\",\"url\":\"http:\/\/szeged-csanad.hu\/leveltar\/\",\"name\":\"Lev\u00e9lt\u00e1r\",\"description\":\"\",\"potentialAction\":[{\"@type\":\"SearchAction\",\"target\":{\"@type\":\"EntryPoint\",\"urlTemplate\":\"http:\/\/szeged-csanad.hu\/leveltar\/?s={search_term_string}\"},\"query-input\":\"required name=search_term_string\"}],\"inLanguage\":\"en-US\"}]}<\/script>\n<!-- \/ Yoast SEO plugin. -->","yoast_head_json":{"title":"Lev\u00e9lt\u00e1ri oklevelek - Lev\u00e9lt\u00e1r","robots":{"index":"index","follow":"follow","max-snippet":"max-snippet:-1","max-image-preview":"max-image-preview:large","max-video-preview":"max-video-preview:-1"},"canonical":"http:\/\/szeged-csanad.hu\/leveltar\/leveltari-oklevelek\/","og_locale":"en_US","og_type":"article","og_title":"Lev\u00e9lt\u00e1ri oklevelek - Lev\u00e9lt\u00e1r","og_url":"http:\/\/szeged-csanad.hu\/leveltar\/leveltari-oklevelek\/","og_site_name":"Lev\u00e9lt\u00e1r","twitter_card":"summary_large_image","schema":{"@context":"https:\/\/schema.org","@graph":[{"@type":"WebPage","@id":"http:\/\/szeged-csanad.hu\/leveltar\/leveltari-oklevelek\/","url":"http:\/\/szeged-csanad.hu\/leveltar\/leveltari-oklevelek\/","name":"Lev\u00e9lt\u00e1ri oklevelek - Lev\u00e9lt\u00e1r","isPartOf":{"@id":"http:\/\/szeged-csanad.hu\/leveltar\/#website"},"datePublished":"2021-04-27T06:42:58+00:00","dateModified":"2021-04-27T06:42:58+00:00","inLanguage":"en-US","potentialAction":[{"@type":"ReadAction","target":["http:\/\/szeged-csanad.hu\/leveltar\/leveltari-oklevelek\/"]}]},{"@type":"WebSite","@id":"http:\/\/szeged-csanad.hu\/leveltar\/#website","url":"http:\/\/szeged-csanad.hu\/leveltar\/","name":"Lev\u00e9lt\u00e1r","description":"","potentialAction":[{"@type":"SearchAction","target":{"@type":"EntryPoint","urlTemplate":"http:\/\/szeged-csanad.hu\/leveltar\/?s={search_term_string}"},"query-input":"required name=search_term_string"}],"inLanguage":"en-US"}]}},"_links":{"self":[{"href":"https:\/\/szeged-csanad.hu\/leveltar\/wp-json\/wp\/v2\/pages\/311"}],"collection":[{"href":"https:\/\/szeged-csanad.hu\/leveltar\/wp-json\/wp\/v2\/pages"}],"about":[{"href":"https:\/\/szeged-csanad.hu\/leveltar\/wp-json\/wp\/v2\/types\/page"}],"author":[{"embeddable":true,"href":"https:\/\/szeged-csanad.hu\/leveltar\/wp-json\/wp\/v2\/users\/1"}],"replies":[{"embeddable":true,"href":"https:\/\/szeged-csanad.hu\/leveltar\/wp-json\/wp\/v2\/comments?post=311"}],"version-history":[{"count":1,"href":"https:\/\/szeged-csanad.hu\/leveltar\/wp-json\/wp\/v2\/pages\/311\/revisions"}],"predecessor-version":[{"id":312,"href":"https:\/\/szeged-csanad.hu\/leveltar\/wp-json\/wp\/v2\/pages\/311\/revisions\/312"}],"wp:attachment":[{"href":"https:\/\/szeged-csanad.hu\/leveltar\/wp-json\/wp\/v2\/media?parent=311"}],"curies":[{"name":"wp","href":"https:\/\/api.w.org\/{rel}","templated":true}]}}