{"id":304,"date":"2021-04-27T06:42:00","date_gmt":"2021-04-27T06:42:00","guid":{"rendered":"http:\/\/szeged-csanad.hu\/leveltar\/?page_id=304"},"modified":"2021-05-18T13:07:24","modified_gmt":"2021-05-18T13:07:24","slug":"korlevelek","status":"publish","type":"page","link":"https:\/\/szeged-csanad.hu\/leveltar\/korlevelek\/","title":{"rendered":"R\u00e9gi pl\u00e9b\u00e1niai iratok"},"content":{"rendered":"<p><strong>Let\u00f6lthet\u0151 dokumentumok (DOC)<\/strong><\/p>\n<table style=\"height: 302px;\" width=\"646\">\n<tbody>\n<tr>\n<td width=\"302\">\n<ul>\n<li><a href=\"http:\/\/szeged-csanad.hu\/leveltar\/wp-content\/uploads\/2021\/04\/apatfalva.doc\">Ap\u00e1tfalva<\/a><\/li>\n<li><a href=\"http:\/\/szeged-csanad.hu\/leveltar\/wp-content\/uploads\/2021\/04\/Almaskamaras.doc\">Alm\u00e1skamar\u00e1s<\/a><\/li>\n<li><a href=\"http:\/\/szeged-csanad.hu\/leveltar\/wp-content\/uploads\/2021\/04\/battonya.doc\">Battonya<\/a><\/li>\n<li><a href=\"http:\/\/szeged-csanad.hu\/leveltar\/wp-content\/uploads\/2021\/04\/Balastya.doc\">Bal\u00e1stya<\/a><\/li>\n<li><a href=\"http:\/\/szeged-csanad.hu\/leveltar\/wp-content\/uploads\/2021\/04\/csanadapaca.doc\">Csan\u00e1dap\u00e1ca<\/a><\/li>\n<li><a href=\"http:\/\/szeged-csanad.hu\/leveltar\/wp-content\/uploads\/2021\/04\/csanadpalota.doc\">Csan\u00e1dpalota<\/a><\/li>\n<li><a href=\"http:\/\/szeged-csanad.hu\/leveltar\/wp-content\/uploads\/2021\/04\/deszk.doc\">Deszk<\/a><\/li>\n<li><a href=\"http:\/\/szeged-csanad.hu\/leveltar\/wp-content\/uploads\/2021\/04\/dombegyhaza.doc\">Dombegyh\u00e1za<\/a><\/li>\n<li><a href=\"http:\/\/szeged-csanad.hu\/leveltar\/wp-content\/uploads\/2021\/04\/elek.doc\">Elek<\/a><\/li>\n<li><a href=\"http:\/\/szeged-csanad.hu\/leveltar\/wp-content\/uploads\/2021\/04\/Kevermes.doc\">Kevermes<\/a><\/li>\n<li><a href=\"http:\/\/szeged-csanad.hu\/leveltar\/wp-content\/uploads\/2021\/04\/Ketegyhaza.doc\">K\u00e9tegyh\u00e1za<\/a><\/li>\n<li><a href=\"http:\/\/szeged-csanad.hu\/leveltar\/wp-content\/uploads\/2021\/04\/kegyuri.doc\">Kegyuri<\/a><\/li>\n<li><a href=\"http:\/\/szeged-csanad.hu\/leveltar\/wp-content\/uploads\/2021\/04\/foldeak.doc\">F\u00f6lde\u00e1k<\/a><\/li>\n<li><a href=\"http:\/\/szeged-csanad.hu\/leveltar\/wp-content\/uploads\/2021\/04\/Kubekhaza.doc\">K\u00fcbekh\u00e1za<\/a><\/li>\n<\/ul>\n<\/td>\n<td width=\"302\">\n<ul>\n<li><a href=\"http:\/\/szeged-csanad.hu\/leveltar\/wp-content\/uploads\/2021\/04\/Kiralyhegyes.doc\">Kir\u00e1lyhegyes<\/a><\/li>\n<li><a href=\"http:\/\/szeged-csanad.hu\/leveltar\/wp-content\/uploads\/2021\/04\/Kistelek.doc\">Kistelek<\/a><\/li>\n<li><a href=\"http:\/\/szeged-csanad.hu\/leveltar\/wp-content\/uploads\/2021\/04\/Kunagota-VI.doc\">Kun\u00e1gota VI<\/a><\/li>\n<li><a href=\"http:\/\/szeged-csanad.hu\/leveltar\/wp-content\/uploads\/2021\/04\/Kiszombor.doc\">Kiszombor<\/a><\/li>\n<li><a href=\"http:\/\/szeged-csanad.hu\/leveltar\/wp-content\/uploads\/2021\/04\/Medgyesegyhaza.doc\">Medgyesegyh\u00e1za<\/a><\/li>\n<li><a href=\"http:\/\/szeged-csanad.hu\/leveltar\/wp-content\/uploads\/2021\/04\/Medgyesbodzas.doc\">Medgyesbodz\u00e1s<\/a><\/li>\n<li><a href=\"http:\/\/szeged-csanad.hu\/leveltar\/wp-content\/uploads\/2021\/04\/Maroslele.doc\">Maroslele<\/a><\/li>\n<li><a href=\"http:\/\/szeged-csanad.hu\/leveltar\/wp-content\/uploads\/2021\/04\/Mako-Ujvaros.doc\">Mak\u00f3-\u00dajv\u00e1ros<\/a><\/li>\n<li><a href=\"http:\/\/szeged-csanad.hu\/leveltar\/wp-content\/uploads\/2021\/04\/Mako-jav.doc\">Mak\u00f3<\/a><\/li>\n<li><a href=\"http:\/\/szeged-csanad.hu\/leveltar\/wp-content\/uploads\/2021\/04\/Magyarbanhegyes.doc\">Magyarb\u00e1nhegyes<\/a><\/li>\n<li><a href=\"http:\/\/szeged-csanad.hu\/leveltar\/wp-content\/uploads\/2021\/04\/Ofoldeak.doc\">\u00d3f\u00f6lde\u00e1k<\/a><\/li>\n<li><a href=\"http:\/\/szeged-csanad.hu\/leveltar\/wp-content\/uploads\/2021\/04\/Mezohegyes.doc\">Mez\u0151hegyes<\/a><\/li>\n<li><a href=\"http:\/\/szeged-csanad.hu\/leveltar\/wp-content\/uploads\/2021\/04\/Mezokovacshaza.doc\">Mez\u0151kov\u00e1csh\u00e1za<\/a><\/li>\n<li><a href=\"http:\/\/szeged-csanad.hu\/leveltar\/wp-content\/uploads\/2021\/04\/Morahalom.doc\">M\u00f3rahalom<\/a><\/li>\n<\/ul>\n<\/td>\n<td width=\"302\">\n<ul>\n<li><a href=\"http:\/\/szeged-csanad.hu\/leveltar\/wp-content\/uploads\/2021\/04\/Nagykamaras.doc\">Nagykamar\u00e1s<\/a><\/li>\n<li><a href=\"http:\/\/szeged-csanad.hu\/leveltar\/wp-content\/uploads\/2021\/04\/Oszentivan.doc\">\u00d3szentiv\u00e1n<\/a><\/li>\n<li><a href=\"http:\/\/szeged-csanad.hu\/leveltar\/wp-content\/uploads\/2021\/04\/Szatymaz.doc\">Szatymaz<\/a><\/li>\n<li><a href=\"http:\/\/szeged-csanad.hu\/leveltar\/wp-content\/uploads\/2021\/04\/Szamadasok.doc\">Sz\u00e1mad\u00e1sok<\/a><\/li>\n<li><a href=\"http:\/\/szeged-csanad.hu\/leveltar\/wp-content\/uploads\/2021\/04\/Roszke.doc\">R\u00f6szke<\/a><\/li>\n<li><a href=\"http:\/\/szeged-csanad.hu\/leveltar\/wp-content\/uploads\/2021\/04\/Pusztafoldvar.doc\">Pusztaf\u00f6ldv\u00e1r<\/a><\/li>\n<li><a href=\"http:\/\/szeged-csanad.hu\/leveltar\/wp-content\/uploads\/2021\/04\/Szeged-Rokus.doc\">Szeged-R\u00f3kus<\/a><\/li>\n<li><a href=\"http:\/\/szeged-csanad.hu\/leveltar\/wp-content\/uploads\/2021\/04\/Szeged-Felsovaros.doc\">Szeged-Fels\u0151v\u00e1ros<\/a><\/li>\n<li><a href=\"http:\/\/szeged-csanad.hu\/leveltar\/wp-content\/uploads\/2021\/04\/Szeged-Alsovaros.doc\">Szeged-Als\u00f3v\u00e1ros<\/a><\/li>\n<li><a href=\"http:\/\/szeged-csanad.hu\/leveltar\/wp-content\/uploads\/2021\/04\/sz-belvaros.doc\">Szeged-Belv\u00e1ros<\/a><\/li>\n<li><a href=\"http:\/\/szeged-csanad.hu\/leveltar\/wp-content\/uploads\/2021\/04\/Vegegyhaza.doc\">V\u00e9gegyh\u00e1za<\/a><\/li>\n<li><a href=\"http:\/\/szeged-csanad.hu\/leveltar\/wp-content\/uploads\/2021\/04\/Ujszeged.doc\">\u00dajszeged<\/a><\/li>\n<li><a href=\"http:\/\/szeged-csanad.hu\/leveltar\/wp-content\/uploads\/2021\/04\/Szoreg.doc\">Sz\u0151reg<\/a><br \/>\n<span style=\"color: #ffffff;\">.<\/span><\/li>\n<\/ul>\n<\/td>\n<\/tr>\n<\/tbody>\n<\/table>\n","protected":false},"excerpt":{"rendered":"<p>Let\u00f6lthet\u0151 dokumentumok (DOC) Ap\u00e1tfalva Alm\u00e1skamar\u00e1s Battonya Bal\u00e1stya Csan\u00e1dap\u00e1ca Csan\u00e1dpalota Deszk Dombegyh\u00e1za Elek Kevermes K\u00e9tegyh\u00e1za Kegyuri F\u00f6lde\u00e1k K\u00fcbekh\u00e1za Kir\u00e1lyhegyes Kistelek Kun\u00e1gota VI Kiszombor Medgyesegyh\u00e1za Medgyesbodz\u00e1s Maroslele Mak\u00f3-\u00dajv\u00e1ros Mak\u00f3 Magyarb\u00e1nhegyes \u00d3f\u00f6lde\u00e1k Mez\u0151hegyes [&hellip;]<\/p>\n","protected":false},"author":1,"featured_media":0,"parent":0,"menu_order":0,"comment_status":"closed","ping_status":"closed","template":"","meta":[],"yoast_head":"<!-- This site is optimized with the Yoast SEO plugin v19.9 - https:\/\/yoast.com\/wordpress\/plugins\/seo\/ -->\n<title>R\u00e9gi pl\u00e9b\u00e1niai iratok - Lev\u00e9lt\u00e1r<\/title>\n<meta name=\"robots\" content=\"index, follow, max-snippet:-1, max-image-preview:large, max-video-preview:-1\" \/>\n<link rel=\"canonical\" href=\"http:\/\/szeged-csanad.hu\/leveltar\/korlevelek\/\" \/>\n<meta property=\"og:locale\" content=\"en_US\" \/>\n<meta property=\"og:type\" content=\"article\" \/>\n<meta property=\"og:title\" content=\"R\u00e9gi pl\u00e9b\u00e1niai iratok - Lev\u00e9lt\u00e1r\" \/>\n<meta property=\"og:description\" content=\"Let\u00f6lthet\u0151 dokumentumok (DOC) Ap\u00e1tfalva Alm\u00e1skamar\u00e1s Battonya Bal\u00e1stya Csan\u00e1dap\u00e1ca Csan\u00e1dpalota Deszk Dombegyh\u00e1za Elek Kevermes K\u00e9tegyh\u00e1za Kegyuri F\u00f6lde\u00e1k K\u00fcbekh\u00e1za Kir\u00e1lyhegyes Kistelek Kun\u00e1gota VI Kiszombor Medgyesegyh\u00e1za Medgyesbodz\u00e1s Maroslele Mak\u00f3-\u00dajv\u00e1ros Mak\u00f3 Magyarb\u00e1nhegyes \u00d3f\u00f6lde\u00e1k Mez\u0151hegyes [&hellip;]\" \/>\n<meta property=\"og:url\" content=\"http:\/\/szeged-csanad.hu\/leveltar\/korlevelek\/\" \/>\n<meta property=\"og:site_name\" content=\"Lev\u00e9lt\u00e1r\" \/>\n<meta property=\"article:modified_time\" content=\"2021-05-18T13:07:24+00:00\" \/>\n<meta name=\"twitter:card\" content=\"summary_large_image\" \/>\n<meta name=\"twitter:label1\" content=\"Est. reading time\" \/>\n\t<meta name=\"twitter:data1\" content=\"1 minute\" \/>\n<script type=\"application\/ld+json\" class=\"yoast-schema-graph\">{\"@context\":\"https:\/\/schema.org\",\"@graph\":[{\"@type\":\"WebPage\",\"@id\":\"http:\/\/szeged-csanad.hu\/leveltar\/korlevelek\/\",\"url\":\"http:\/\/szeged-csanad.hu\/leveltar\/korlevelek\/\",\"name\":\"R\u00e9gi pl\u00e9b\u00e1niai iratok - Lev\u00e9lt\u00e1r\",\"isPartOf\":{\"@id\":\"http:\/\/szeged-csanad.hu\/leveltar\/#website\"},\"datePublished\":\"2021-04-27T06:42:00+00:00\",\"dateModified\":\"2021-05-18T13:07:24+00:00\",\"inLanguage\":\"en-US\",\"potentialAction\":[{\"@type\":\"ReadAction\",\"target\":[\"http:\/\/szeged-csanad.hu\/leveltar\/korlevelek\/\"]}]},{\"@type\":\"WebSite\",\"@id\":\"http:\/\/szeged-csanad.hu\/leveltar\/#website\",\"url\":\"http:\/\/szeged-csanad.hu\/leveltar\/\",\"name\":\"Lev\u00e9lt\u00e1r\",\"description\":\"\",\"potentialAction\":[{\"@type\":\"SearchAction\",\"target\":{\"@type\":\"EntryPoint\",\"urlTemplate\":\"http:\/\/szeged-csanad.hu\/leveltar\/?s={search_term_string}\"},\"query-input\":\"required name=search_term_string\"}],\"inLanguage\":\"en-US\"}]}<\/script>\n<!-- \/ Yoast SEO plugin. -->","yoast_head_json":{"title":"R\u00e9gi pl\u00e9b\u00e1niai iratok - Lev\u00e9lt\u00e1r","robots":{"index":"index","follow":"follow","max-snippet":"max-snippet:-1","max-image-preview":"max-image-preview:large","max-video-preview":"max-video-preview:-1"},"canonical":"http:\/\/szeged-csanad.hu\/leveltar\/korlevelek\/","og_locale":"en_US","og_type":"article","og_title":"R\u00e9gi pl\u00e9b\u00e1niai iratok - Lev\u00e9lt\u00e1r","og_description":"Let\u00f6lthet\u0151 dokumentumok (DOC) Ap\u00e1tfalva Alm\u00e1skamar\u00e1s Battonya Bal\u00e1stya Csan\u00e1dap\u00e1ca Csan\u00e1dpalota Deszk Dombegyh\u00e1za Elek Kevermes K\u00e9tegyh\u00e1za Kegyuri F\u00f6lde\u00e1k K\u00fcbekh\u00e1za Kir\u00e1lyhegyes Kistelek Kun\u00e1gota VI Kiszombor Medgyesegyh\u00e1za Medgyesbodz\u00e1s Maroslele Mak\u00f3-\u00dajv\u00e1ros Mak\u00f3 Magyarb\u00e1nhegyes \u00d3f\u00f6lde\u00e1k Mez\u0151hegyes [&hellip;]","og_url":"http:\/\/szeged-csanad.hu\/leveltar\/korlevelek\/","og_site_name":"Lev\u00e9lt\u00e1r","article_modified_time":"2021-05-18T13:07:24+00:00","twitter_card":"summary_large_image","twitter_misc":{"Est. reading time":"1 minute"},"schema":{"@context":"https:\/\/schema.org","@graph":[{"@type":"WebPage","@id":"http:\/\/szeged-csanad.hu\/leveltar\/korlevelek\/","url":"http:\/\/szeged-csanad.hu\/leveltar\/korlevelek\/","name":"R\u00e9gi pl\u00e9b\u00e1niai iratok - Lev\u00e9lt\u00e1r","isPartOf":{"@id":"http:\/\/szeged-csanad.hu\/leveltar\/#website"},"datePublished":"2021-04-27T06:42:00+00:00","dateModified":"2021-05-18T13:07:24+00:00","inLanguage":"en-US","potentialAction":[{"@type":"ReadAction","target":["http:\/\/szeged-csanad.hu\/leveltar\/korlevelek\/"]}]},{"@type":"WebSite","@id":"http:\/\/szeged-csanad.hu\/leveltar\/#website","url":"http:\/\/szeged-csanad.hu\/leveltar\/","name":"Lev\u00e9lt\u00e1r","description":"","potentialAction":[{"@type":"SearchAction","target":{"@type":"EntryPoint","urlTemplate":"http:\/\/szeged-csanad.hu\/leveltar\/?s={search_term_string}"},"query-input":"required name=search_term_string"}],"inLanguage":"en-US"}]}},"_links":{"self":[{"href":"https:\/\/szeged-csanad.hu\/leveltar\/wp-json\/wp\/v2\/pages\/304"}],"collection":[{"href":"https:\/\/szeged-csanad.hu\/leveltar\/wp-json\/wp\/v2\/pages"}],"about":[{"href":"https:\/\/szeged-csanad.hu\/leveltar\/wp-json\/wp\/v2\/types\/page"}],"author":[{"embeddable":true,"href":"https:\/\/szeged-csanad.hu\/leveltar\/wp-json\/wp\/v2\/users\/1"}],"replies":[{"embeddable":true,"href":"https:\/\/szeged-csanad.hu\/leveltar\/wp-json\/wp\/v2\/comments?post=304"}],"version-history":[{"count":5,"href":"https:\/\/szeged-csanad.hu\/leveltar\/wp-json\/wp\/v2\/pages\/304\/revisions"}],"predecessor-version":[{"id":14512,"href":"https:\/\/szeged-csanad.hu\/leveltar\/wp-json\/wp\/v2\/pages\/304\/revisions\/14512"}],"wp:attachment":[{"href":"https:\/\/szeged-csanad.hu\/leveltar\/wp-json\/wp\/v2\/media?parent=304"}],"curies":[{"name":"wp","href":"https:\/\/api.w.org\/{rel}","templated":true}]}}