{"id":270,"date":"2021-04-23T10:16:01","date_gmt":"2021-04-23T10:16:01","guid":{"rendered":"http:\/\/szeged-csanad.hu\/leveltar\/?page_id=270"},"modified":"2026-01-22T13:58:23","modified_gmt":"2026-01-22T13:58:23","slug":"munkatarsak","status":"publish","type":"page","link":"https:\/\/szeged-csanad.hu\/leveltar\/munkatarsak\/","title":{"rendered":"Munkat\u00e1rsak"},"content":{"rendered":"<p><strong>A lev\u00e9lt\u00e1r vezet\u0151je:\u00a0<\/strong> Dr. Horv\u00e1th G\u00e1bor<\/p>\n<p><strong>C\u00edm:<\/strong> 6720 Szeged, Aradi v\u00e9rtan\u00fak tere 2. (6701, Pf. 178.)<\/p>\n<p><strong>Telefon:<\/strong> 451-384\/151<\/p>\n<p><strong>E-mail: <a href=\"leveltar@szeged-csanad.hu\">leveltar<\/a><\/strong>@szeged-csanad.hu<\/p>\n<p><strong>Nyitvatart\u00e1s:<\/strong><br \/>\nH\u00e9tf\u0151-kedd: 8-16<\/p>\n","protected":false},"excerpt":{"rendered":"<p>A lev\u00e9lt\u00e1r vezet\u0151je:\u00a0 Dr. Horv\u00e1th G\u00e1bor C\u00edm: 6720 Szeged, Aradi v\u00e9rtan\u00fak tere 2. (6701, Pf. 178.) Telefon: 451-384\/151 E-mail: leveltar@szeged-csanad.hu Nyitvatart\u00e1s: H\u00e9tf\u0151-kedd: 8-16<\/p>\n","protected":false},"author":1,"featured_media":0,"parent":0,"menu_order":0,"comment_status":"closed","ping_status":"closed","template":"","meta":[],"yoast_head":"<!-- This site is optimized with the Yoast SEO plugin v19.9 - https:\/\/yoast.com\/wordpress\/plugins\/seo\/ -->\n<title>Munkat\u00e1rsak - Lev\u00e9lt\u00e1r<\/title>\n<meta name=\"robots\" content=\"index, follow, max-snippet:-1, max-image-preview:large, max-video-preview:-1\" \/>\n<link rel=\"canonical\" href=\"https:\/\/szeged-csanad.hu\/leveltar\/munkatarsak\/\" \/>\n<meta property=\"og:locale\" content=\"en_US\" \/>\n<meta property=\"og:type\" content=\"article\" \/>\n<meta property=\"og:title\" content=\"Munkat\u00e1rsak - Lev\u00e9lt\u00e1r\" \/>\n<meta property=\"og:description\" content=\"A lev\u00e9lt\u00e1r vezet\u0151je:\u00a0 Dr. Horv\u00e1th G\u00e1bor C\u00edm: 6720 Szeged, Aradi v\u00e9rtan\u00fak tere 2. (6701, Pf. 178.) Telefon: 451-384\/151 E-mail: leveltar@szeged-csanad.hu Nyitvatart\u00e1s: H\u00e9tf\u0151-kedd: 8-16\" \/>\n<meta property=\"og:url\" content=\"https:\/\/szeged-csanad.hu\/leveltar\/munkatarsak\/\" \/>\n<meta property=\"og:site_name\" content=\"Lev\u00e9lt\u00e1r\" \/>\n<meta property=\"article:modified_time\" content=\"2026-01-22T13:58:23+00:00\" \/>\n<meta name=\"twitter:card\" content=\"summary_large_image\" \/>\n<meta name=\"twitter:label1\" content=\"Est. reading time\" \/>\n\t<meta name=\"twitter:data1\" content=\"1 minute\" \/>\n<script type=\"application\/ld+json\" class=\"yoast-schema-graph\">{\"@context\":\"https:\/\/schema.org\",\"@graph\":[{\"@type\":\"WebPage\",\"@id\":\"https:\/\/szeged-csanad.hu\/leveltar\/munkatarsak\/\",\"url\":\"https:\/\/szeged-csanad.hu\/leveltar\/munkatarsak\/\",\"name\":\"Munkat\u00e1rsak - Lev\u00e9lt\u00e1r\",\"isPartOf\":{\"@id\":\"http:\/\/szeged-csanad.hu\/leveltar\/#website\"},\"datePublished\":\"2021-04-23T10:16:01+00:00\",\"dateModified\":\"2026-01-22T13:58:23+00:00\",\"inLanguage\":\"en-US\",\"potentialAction\":[{\"@type\":\"ReadAction\",\"target\":[\"https:\/\/szeged-csanad.hu\/leveltar\/munkatarsak\/\"]}]},{\"@type\":\"WebSite\",\"@id\":\"http:\/\/szeged-csanad.hu\/leveltar\/#website\",\"url\":\"http:\/\/szeged-csanad.hu\/leveltar\/\",\"name\":\"Lev\u00e9lt\u00e1r\",\"description\":\"\",\"potentialAction\":[{\"@type\":\"SearchAction\",\"target\":{\"@type\":\"EntryPoint\",\"urlTemplate\":\"http:\/\/szeged-csanad.hu\/leveltar\/?s={search_term_string}\"},\"query-input\":\"required name=search_term_string\"}],\"inLanguage\":\"en-US\"}]}<\/script>\n<!-- \/ Yoast SEO plugin. -->","yoast_head_json":{"title":"Munkat\u00e1rsak - Lev\u00e9lt\u00e1r","robots":{"index":"index","follow":"follow","max-snippet":"max-snippet:-1","max-image-preview":"max-image-preview:large","max-video-preview":"max-video-preview:-1"},"canonical":"https:\/\/szeged-csanad.hu\/leveltar\/munkatarsak\/","og_locale":"en_US","og_type":"article","og_title":"Munkat\u00e1rsak - Lev\u00e9lt\u00e1r","og_description":"A lev\u00e9lt\u00e1r vezet\u0151je:\u00a0 Dr. Horv\u00e1th G\u00e1bor C\u00edm: 6720 Szeged, Aradi v\u00e9rtan\u00fak tere 2. (6701, Pf. 178.) Telefon: 451-384\/151 E-mail: leveltar@szeged-csanad.hu Nyitvatart\u00e1s: H\u00e9tf\u0151-kedd: 8-16","og_url":"https:\/\/szeged-csanad.hu\/leveltar\/munkatarsak\/","og_site_name":"Lev\u00e9lt\u00e1r","article_modified_time":"2026-01-22T13:58:23+00:00","twitter_card":"summary_large_image","twitter_misc":{"Est. reading time":"1 minute"},"schema":{"@context":"https:\/\/schema.org","@graph":[{"@type":"WebPage","@id":"https:\/\/szeged-csanad.hu\/leveltar\/munkatarsak\/","url":"https:\/\/szeged-csanad.hu\/leveltar\/munkatarsak\/","name":"Munkat\u00e1rsak - Lev\u00e9lt\u00e1r","isPartOf":{"@id":"http:\/\/szeged-csanad.hu\/leveltar\/#website"},"datePublished":"2021-04-23T10:16:01+00:00","dateModified":"2026-01-22T13:58:23+00:00","inLanguage":"en-US","potentialAction":[{"@type":"ReadAction","target":["https:\/\/szeged-csanad.hu\/leveltar\/munkatarsak\/"]}]},{"@type":"WebSite","@id":"http:\/\/szeged-csanad.hu\/leveltar\/#website","url":"http:\/\/szeged-csanad.hu\/leveltar\/","name":"Lev\u00e9lt\u00e1r","description":"","potentialAction":[{"@type":"SearchAction","target":{"@type":"EntryPoint","urlTemplate":"http:\/\/szeged-csanad.hu\/leveltar\/?s={search_term_string}"},"query-input":"required name=search_term_string"}],"inLanguage":"en-US"}]}},"_links":{"self":[{"href":"https:\/\/szeged-csanad.hu\/leveltar\/wp-json\/wp\/v2\/pages\/270"}],"collection":[{"href":"https:\/\/szeged-csanad.hu\/leveltar\/wp-json\/wp\/v2\/pages"}],"about":[{"href":"https:\/\/szeged-csanad.hu\/leveltar\/wp-json\/wp\/v2\/types\/page"}],"author":[{"embeddable":true,"href":"https:\/\/szeged-csanad.hu\/leveltar\/wp-json\/wp\/v2\/users\/1"}],"replies":[{"embeddable":true,"href":"https:\/\/szeged-csanad.hu\/leveltar\/wp-json\/wp\/v2\/comments?post=270"}],"version-history":[{"count":5,"href":"https:\/\/szeged-csanad.hu\/leveltar\/wp-json\/wp\/v2\/pages\/270\/revisions"}],"predecessor-version":[{"id":15541,"href":"https:\/\/szeged-csanad.hu\/leveltar\/wp-json\/wp\/v2\/pages\/270\/revisions\/15541"}],"wp:attachment":[{"href":"https:\/\/szeged-csanad.hu\/leveltar\/wp-json\/wp\/v2\/media?parent=270"}],"curies":[{"name":"wp","href":"https:\/\/api.w.org\/{rel}","templated":true}]}}