{"id":267,"date":"2021-04-23T10:13:57","date_gmt":"2021-04-23T10:13:57","guid":{"rendered":"http:\/\/szeged-csanad.hu\/leveltar\/?page_id=267"},"modified":"2021-04-23T10:16:54","modified_gmt":"2021-04-23T10:16:54","slug":"a-leveltar-tortenete","status":"publish","type":"page","link":"https:\/\/szeged-csanad.hu\/leveltar\/a-leveltar-tortenete\/","title":{"rendered":"A lev\u00e9lt\u00e1r t\u00f6rt\u00e9nete"},"content":{"rendered":"<p>A Szeged-Csan\u00e1di P\u00fcsp\u00f6ki Lev\u00e9lt\u00e1r t\u00f6rt\u00e9net\u00e9t 1930-t\u00f3l, a p\u00fcsp\u00f6ki rezidencia elk\u00e9sz\u00fclt\u00e9t\u0151l sz\u00e1m\u00edthatjuk. El\u0151dje, a csan\u00e1di p\u00fcsp\u00f6ks\u00e9g lev\u00e9lt\u00e1ra Temesv\u00e1rott volt. 1923-ban Glattfelder Gyula p\u00fcsp\u00f6knek v\u00e9gleg t\u00e1voznia kellett Temesv\u00e1rr\u00f3l, csak szem\u00e9lyes holmijait vihette mag\u00e1val, \u00edgy t\u00f6bbek k\u00f6z\u00f6tt a lev\u00e9lt\u00e1ri iratok is majdnem teljes eg\u00e9sz\u00e9ben Temesv\u00e1ron maradtak. Csak a Magyarorsz\u00e1gon maradt pl\u00e9b\u00e1ni\u00e1kra vonatkoz\u00f3 \u00e9s n\u00e9h\u00e1ny m\u00e1s iratot sz\u00e1ll\u00edthatt\u00e1k \u00e1t 1925-ben Temesv\u00e1rr\u00f3l. A lev\u00e9lt\u00e1r 1930-ban a szegedi \u00faj p\u00fcsp\u00f6ki palot\u00e1ban kapott helyet. El\u0151sz\u00f6r csak n\u00e9h\u00e1ny iratcsom\u00f3 volt, melyet a titk\u00e1ri szoba egy szekr\u00e9ny\u00e9ben tartottak. Az id\u0151k folyam\u00e1n egyre t\u00f6bb irat halmoz\u00f3dott fel, \u00edgy egy k\u00fcl\u00f6n helyis\u00e9get alak\u00edtottak ki. 2008 december\u00e9ig itt m\u0171k\u00f6d\u00f6tt a lev\u00e9lt\u00e1r. Rendez\u00e9s\u00e9t Lotz Antal teol\u00f3giai professzor kezdte el 1979-ben. Lev\u00e9lt\u00e1ri feladat\u00e1t hal\u00e1l\u00e1ig, 1997-ig nagy odaad\u00e1ssal v\u00e9gezte.<\/p>\n<p>2008-ban a fel\u00faj\u00edtott p\u00fcsp\u00f6ki palota \u00e9p\u00fclet\u00e9ben \u00faj helyet kapott a lev\u00e9lt\u00e1r. A kor\u00e1bban 40 m\u00b2-es t\u00e9r helyett h\u00e1rom helyis\u00e9gb\u0151l \u00e1ll\u00f3, \u00f6sszesen 120 mm\u00b2-es lev\u00e9lt\u00e1rat alak\u00edtottak ki. A 30 mm\u00b2-es, sz\u00e9les folyos\u00f3-ki\u00e1ll\u00edt\u00f3t\u00e9r, melynek ablakai a D\u00f3m t\u00e9r fel\u00e9 n\u00e9znek alkalmas sz\u00fcks\u00e9g eset\u00e9n a ki\u00e1ll\u00edt\u00e1si c\u00e9l\u00fa t\u00e1rl\u00f3kon t\u00fal ak\u00e1r \u00fajabb szekr\u00e9nyek, polcok elhelyez\u00e9s\u00e9re is. A folyos\u00f3r\u00f3l az 50 mm\u00b2-es kutat\u00f3-dolgoz\u00f3 szob\u00e1ba l\u00e9phet\u00fcnk be. Itt n\u00e9gy asztal van, ahol a lev\u00e9lt\u00e1ros \u00e9s a kutat\u00f3k dolgozhatnak. Ebben a helyis\u00e9gben 250 polcfoly\u00f3m\u00e9ternyi irat f\u00e9r majd el. A lev\u00e9lt\u00e1r z\u00e1rt, ablak n\u00e9lk\u00fcli rakt\u00e1ra 40 mm\u00b2-es. Berendez\u00e9se modern, mobil f\u00e9m polcrendszerb\u0151l \u00e1ll. A t\u00f6m\u00f6rrakt\u00e1rban 400 polcfoly\u00f3m\u00e9ternyi irat f\u00e9r el.<\/p>\n<p>A lev\u00e9lt\u00e1rban az \u00fajonnan szervezett egyh\u00e1zmegye iratai 1928-t\u00f3l kezd\u0151d\u0151en tal\u00e1lhat\u00f3k meg . Ezeken t\u00fal itt vannak a nagyv\u00e1radi \u00e9s a szatm\u00e1ri p\u00fcsp\u00f6ki \u00e9s k\u00e1ptalani javakat kezel\u0151 igazgat\u00f3tan\u00e1cs \u00fcl\u00e9seinek iratanyaga (1930\u20131939), tov\u00e1bb\u00e1 az egykori nagyv\u00e1radi egyh\u00e1zmegye magyarorsz\u00e1gi r\u00e9sz\u00e9t korm\u00e1nyz\u00f3 debreceni helyn\u00f6ks\u00e9g (1945\u20131952) iratai is. A p\u00fcsp\u00f6ks\u00e9g lev\u00e9lt\u00e1ra \u0151rzi az egyh\u00e1zmegyei f\u0151tanfel\u00fcgyel\u0151s\u00e9g, a papnevel\u0151 int\u00e9zet, tov\u00e1bb\u00e1 az 1941-ben alap\u00edtott csan\u00e1di sz\u00e9kesegyh\u00e1zi k\u00e1ptalan iratanyag\u00e1t is. Anyak\u00f6nyvi m\u00e1sodp\u00e9ld\u00e1nyaink a lev\u00e9lt\u00e1r l\u00e9trej\u00f6tte el\u0151tti id\u0151kb\u0151l nincsenek.<\/p>\n","protected":false},"excerpt":{"rendered":"<p>A Szeged-Csan\u00e1di P\u00fcsp\u00f6ki Lev\u00e9lt\u00e1r t\u00f6rt\u00e9net\u00e9t 1930-t\u00f3l, a p\u00fcsp\u00f6ki rezidencia elk\u00e9sz\u00fclt\u00e9t\u0151l sz\u00e1m\u00edthatjuk. El\u0151dje, a csan\u00e1di p\u00fcsp\u00f6ks\u00e9g lev\u00e9lt\u00e1ra Temesv\u00e1rott volt. 1923-ban Glattfelder Gyula p\u00fcsp\u00f6knek v\u00e9gleg t\u00e1voznia kellett Temesv\u00e1rr\u00f3l, csak szem\u00e9lyes holmijait vihette [&hellip;]<\/p>\n","protected":false},"author":1,"featured_media":0,"parent":0,"menu_order":0,"comment_status":"closed","ping_status":"closed","template":"","meta":[],"yoast_head":"<!-- This site is optimized with the Yoast SEO plugin v19.9 - https:\/\/yoast.com\/wordpress\/plugins\/seo\/ -->\n<title>A lev\u00e9lt\u00e1r t\u00f6rt\u00e9nete - Lev\u00e9lt\u00e1r<\/title>\n<meta name=\"robots\" content=\"index, follow, max-snippet:-1, max-image-preview:large, max-video-preview:-1\" \/>\n<link rel=\"canonical\" href=\"http:\/\/szeged-csanad.hu\/leveltar\/a-leveltar-tortenete\/\" \/>\n<meta property=\"og:locale\" content=\"en_US\" \/>\n<meta property=\"og:type\" content=\"article\" \/>\n<meta property=\"og:title\" content=\"A lev\u00e9lt\u00e1r t\u00f6rt\u00e9nete - Lev\u00e9lt\u00e1r\" \/>\n<meta property=\"og:description\" content=\"A Szeged-Csan\u00e1di P\u00fcsp\u00f6ki Lev\u00e9lt\u00e1r t\u00f6rt\u00e9net\u00e9t 1930-t\u00f3l, a p\u00fcsp\u00f6ki rezidencia elk\u00e9sz\u00fclt\u00e9t\u0151l sz\u00e1m\u00edthatjuk. El\u0151dje, a csan\u00e1di p\u00fcsp\u00f6ks\u00e9g lev\u00e9lt\u00e1ra Temesv\u00e1rott volt. 1923-ban Glattfelder Gyula p\u00fcsp\u00f6knek v\u00e9gleg t\u00e1voznia kellett Temesv\u00e1rr\u00f3l, csak szem\u00e9lyes holmijait vihette [&hellip;]\" \/>\n<meta property=\"og:url\" content=\"http:\/\/szeged-csanad.hu\/leveltar\/a-leveltar-tortenete\/\" \/>\n<meta property=\"og:site_name\" content=\"Lev\u00e9lt\u00e1r\" \/>\n<meta property=\"article:modified_time\" content=\"2021-04-23T10:16:54+00:00\" \/>\n<meta name=\"twitter:card\" content=\"summary_large_image\" \/>\n<meta name=\"twitter:label1\" content=\"Est. reading time\" \/>\n\t<meta name=\"twitter:data1\" content=\"2 minutes\" \/>\n<script type=\"application\/ld+json\" class=\"yoast-schema-graph\">{\"@context\":\"https:\/\/schema.org\",\"@graph\":[{\"@type\":\"WebPage\",\"@id\":\"http:\/\/szeged-csanad.hu\/leveltar\/a-leveltar-tortenete\/\",\"url\":\"http:\/\/szeged-csanad.hu\/leveltar\/a-leveltar-tortenete\/\",\"name\":\"A lev\u00e9lt\u00e1r t\u00f6rt\u00e9nete - Lev\u00e9lt\u00e1r\",\"isPartOf\":{\"@id\":\"http:\/\/szeged-csanad.hu\/leveltar\/#website\"},\"datePublished\":\"2021-04-23T10:13:57+00:00\",\"dateModified\":\"2021-04-23T10:16:54+00:00\",\"inLanguage\":\"en-US\",\"potentialAction\":[{\"@type\":\"ReadAction\",\"target\":[\"http:\/\/szeged-csanad.hu\/leveltar\/a-leveltar-tortenete\/\"]}]},{\"@type\":\"WebSite\",\"@id\":\"http:\/\/szeged-csanad.hu\/leveltar\/#website\",\"url\":\"http:\/\/szeged-csanad.hu\/leveltar\/\",\"name\":\"Lev\u00e9lt\u00e1r\",\"description\":\"\",\"potentialAction\":[{\"@type\":\"SearchAction\",\"target\":{\"@type\":\"EntryPoint\",\"urlTemplate\":\"http:\/\/szeged-csanad.hu\/leveltar\/?s={search_term_string}\"},\"query-input\":\"required name=search_term_string\"}],\"inLanguage\":\"en-US\"}]}<\/script>\n<!-- \/ Yoast SEO plugin. -->","yoast_head_json":{"title":"A lev\u00e9lt\u00e1r t\u00f6rt\u00e9nete - Lev\u00e9lt\u00e1r","robots":{"index":"index","follow":"follow","max-snippet":"max-snippet:-1","max-image-preview":"max-image-preview:large","max-video-preview":"max-video-preview:-1"},"canonical":"http:\/\/szeged-csanad.hu\/leveltar\/a-leveltar-tortenete\/","og_locale":"en_US","og_type":"article","og_title":"A lev\u00e9lt\u00e1r t\u00f6rt\u00e9nete - Lev\u00e9lt\u00e1r","og_description":"A Szeged-Csan\u00e1di P\u00fcsp\u00f6ki Lev\u00e9lt\u00e1r t\u00f6rt\u00e9net\u00e9t 1930-t\u00f3l, a p\u00fcsp\u00f6ki rezidencia elk\u00e9sz\u00fclt\u00e9t\u0151l sz\u00e1m\u00edthatjuk. El\u0151dje, a csan\u00e1di p\u00fcsp\u00f6ks\u00e9g lev\u00e9lt\u00e1ra Temesv\u00e1rott volt. 1923-ban Glattfelder Gyula p\u00fcsp\u00f6knek v\u00e9gleg t\u00e1voznia kellett Temesv\u00e1rr\u00f3l, csak szem\u00e9lyes holmijait vihette [&hellip;]","og_url":"http:\/\/szeged-csanad.hu\/leveltar\/a-leveltar-tortenete\/","og_site_name":"Lev\u00e9lt\u00e1r","article_modified_time":"2021-04-23T10:16:54+00:00","twitter_card":"summary_large_image","twitter_misc":{"Est. reading time":"2 minutes"},"schema":{"@context":"https:\/\/schema.org","@graph":[{"@type":"WebPage","@id":"http:\/\/szeged-csanad.hu\/leveltar\/a-leveltar-tortenete\/","url":"http:\/\/szeged-csanad.hu\/leveltar\/a-leveltar-tortenete\/","name":"A lev\u00e9lt\u00e1r t\u00f6rt\u00e9nete - Lev\u00e9lt\u00e1r","isPartOf":{"@id":"http:\/\/szeged-csanad.hu\/leveltar\/#website"},"datePublished":"2021-04-23T10:13:57+00:00","dateModified":"2021-04-23T10:16:54+00:00","inLanguage":"en-US","potentialAction":[{"@type":"ReadAction","target":["http:\/\/szeged-csanad.hu\/leveltar\/a-leveltar-tortenete\/"]}]},{"@type":"WebSite","@id":"http:\/\/szeged-csanad.hu\/leveltar\/#website","url":"http:\/\/szeged-csanad.hu\/leveltar\/","name":"Lev\u00e9lt\u00e1r","description":"","potentialAction":[{"@type":"SearchAction","target":{"@type":"EntryPoint","urlTemplate":"http:\/\/szeged-csanad.hu\/leveltar\/?s={search_term_string}"},"query-input":"required name=search_term_string"}],"inLanguage":"en-US"}]}},"_links":{"self":[{"href":"https:\/\/szeged-csanad.hu\/leveltar\/wp-json\/wp\/v2\/pages\/267"}],"collection":[{"href":"https:\/\/szeged-csanad.hu\/leveltar\/wp-json\/wp\/v2\/pages"}],"about":[{"href":"https:\/\/szeged-csanad.hu\/leveltar\/wp-json\/wp\/v2\/types\/page"}],"author":[{"embeddable":true,"href":"https:\/\/szeged-csanad.hu\/leveltar\/wp-json\/wp\/v2\/users\/1"}],"replies":[{"embeddable":true,"href":"https:\/\/szeged-csanad.hu\/leveltar\/wp-json\/wp\/v2\/comments?post=267"}],"version-history":[{"count":2,"href":"https:\/\/szeged-csanad.hu\/leveltar\/wp-json\/wp\/v2\/pages\/267\/revisions"}],"predecessor-version":[{"id":274,"href":"https:\/\/szeged-csanad.hu\/leveltar\/wp-json\/wp\/v2\/pages\/267\/revisions\/274"}],"wp:attachment":[{"href":"https:\/\/szeged-csanad.hu\/leveltar\/wp-json\/wp\/v2\/media?parent=267"}],"curies":[{"name":"wp","href":"https:\/\/api.w.org\/{rel}","templated":true}]}}