{"id":204,"date":"2021-04-23T07:45:03","date_gmt":"2021-04-23T07:45:03","guid":{"rendered":"http:\/\/szeged-csanad.hu\/leveltar\/?page_id=204"},"modified":"2021-04-23T07:55:31","modified_gmt":"2021-04-23T07:55:31","slug":"kutatasi-weboldalak","status":"publish","type":"page","link":"https:\/\/szeged-csanad.hu\/leveltar\/kutatasi-weboldalak\/","title":{"rendered":"Kutat\u00e1si weboldalak"},"content":{"rendered":"<p style=\"text-align: center;\"><strong>Lev\u00e9lt\u00e1rak<\/strong><\/p>\n<p><strong>Online adatb\u00e1zisok:<br \/>\n<\/strong>A Magyar Nemzeti Lev\u00e9lt\u00e1r t\u00e1j\u00e9koztat\u00e1sa csal\u00e1dt\u00f6rt\u00e9neti kutat\u00f3knak: <a href=\"http:\/\/mnl.gov.hu\/bal_menusor\/hasznalat\/oktatas\/mindenkinek\/csaladfakutatas\/csaladtorteneti_kutatasok.html\" target=\"_blank\" rel=\"noopener\">http:\/\/mnl.gov.hu\/bal_menusor\/hasznalat\/oktatas\/mindenkinek\/csaladfakutatas\/csaladtorteneti_kutatasok.html<\/a><br \/>\nAnyak\u00f6nyvi adatb\u00e1zis: <a href=\"https:\/\/familysearch.org\/\" target=\"_blank\" rel=\"noopener\">https:\/\/familysearch.org\/<\/a><br \/>\nMagyar Csal\u00e1dt\u00f6rt\u00e9net-kutat\u00f3 Egyes\u00fclet: <a href=\"http:\/\/www.macse.hu\/\" target=\"_blank\" rel=\"noopener\">http:\/\/www.macse.hu\/<\/a><br \/>\nMagyar Lev\u00e9lt\u00e1ri Port\u00e1l: <a href=\"http:\/\/www.archivportal.hu\/\" target=\"_blank\" rel=\"noopener\">http:\/\/www.archivportal.hu\/<\/a><br \/>\nElektronikus Lev\u00e9lt\u00e1ri Port\u00e1l: <a href=\"https:\/\/www.eleveltar.hu\/\" target=\"_blank\" rel=\"noopener\">https:\/\/www.eleveltar.hu\/<\/a><br \/>\nHungaricana K\u00f6zgy\u0171jtem\u00e9nyi Port\u00e1l: <a href=\"http:\/\/hungaricana.hu\/hu\/\" target=\"_blank\" rel=\"noopener\">http:\/\/hungaricana.hu\/hu\/<\/a><br \/>\nArcanum Digit\u00e1lis Tudom\u00e1nyt\u00e1r (el\u0151fizet\u00e9ses): <a href=\"http:\/\/adtplus.arcanum.hu\/hu\/\" target=\"_blank\" rel=\"noopener\">http:\/\/adtplus.arcanum.hu\/hu\/<\/a><br \/>\nDigitaliz\u00e1lt T\u00f6rv\u00e9nyhoz\u00e1si Tud\u00e1st\u00e1r: <a href=\"http:\/\/dtt.ogyk.hu\/\" target=\"_blank\" rel=\"noopener\">http:\/\/dtt.ogyk.hu\/<\/a><br \/>\nElektronikus Periodika Archivum: <a href=\"http:\/\/epa.oszk.hu\/\" target=\"_blank\" rel=\"noopener\">http:\/\/epa.oszk.hu\/<\/a><br \/>\nMagyar Elektronikus K\u00f6nyvt\u00e1r: <a href=\"http:\/\/mek.oszk.hu\/\" target=\"_blank\" rel=\"noopener\">http:\/\/mek.oszk.hu\/<\/a><br \/>\nKSH Tud\u00e1sb\u00e1zisok: <a href=\"http:\/\/konyvtar.ksh.hu\/index.php?s=kb_main\" target=\"_blank\" rel=\"noopener\">http:\/\/konyvtar.ksh.hu\/index.php?s=kb_main<\/a><br \/>\nELTE Egyetemi Lev\u00e9lt\u00e1r Adatb\u00e1zisok: <a href=\"http:\/\/leveltar.elte.hu\/index.php?option=com_content&amp;task=view&amp;id=282&amp;Itemid=164\" target=\"_blank\" rel=\"noopener\">http:\/\/leveltar.elte.hu\/index.php?option=com_content&amp;task=view&amp;id=282&amp;Itemid=164<\/a><br \/>\nMagyar T\u00e1rsadalomtudom\u00e1nyok Digit\u00e1lis Archivuma: <a href=\"http:\/\/mtdaportal.extra.hu\/\" target=\"_blank\" rel=\"noopener\">http:\/\/mtdaportal.extra.hu\/<\/a><br \/>\nErd\u00e9lyi Magyar Elektronikus K\u00f6nyvt\u00e1r: <a href=\"http:\/\/adatbank.transindex.ro\/\" target=\"_blank\" rel=\"noopener\">http:\/\/adatbank.transindex.ro\/<\/a><br \/>\nOsztr\u00e1k Nemzeti Lev\u00e9lt\u00e1r Adatb\u00e1zisai: <a href=\"http:\/\/www.onb.ac.at\/bibliothek\/digitaler_lesesaal.htm\" target=\"_blank\" rel=\"noopener\">http:\/\/www.onb.ac.at\/bibliothek\/digitaler_lesesaal.htm<\/a><\/p>\n<p><strong>Egyh\u00e1zi lev\u00e9lt\u00e1rak:<\/strong><br \/>\nVatik\u00e1ni Titkos Lev\u00e9lt\u00e1r: <a href=\"http:\/\/www.archiviosegretovaticano.va\/content\/archiviosegretovaticano\/en.html\" target=\"_blank\" rel=\"noopener\">http:\/\/www.archiviosegretovaticano.va\/content\/archiviosegretovaticano\/en.html<\/a><br \/>\nMagyarorsz\u00e1gi Egyh\u00e1zi Lev\u00e9lt\u00e1rosok Egyes\u00fclete: <a href=\"http:\/\/www.melte.hu\/\" target=\"_blank\" rel=\"noopener\">http:\/\/www.melte.hu\/<\/a><\/p>\n<p><strong>\u00c1llami lev\u00e9lt\u00e1rak:<\/strong><br \/>\nMagyar Nemzeti Lev\u00e9lt\u00e1r: <a href=\"http:\/\/mnl.gov.hu\/\" target=\"_blank\" rel=\"noopener\">http:\/\/mnl.gov.hu\/<\/a><br \/>\nCsongr\u00e1d Csan\u00e1d Megyei Nemzeti Lev\u00e9lt\u00e1r, Szeged: <a href=\"http:\/\/www.archivportal.hu\/hu\/leveltarak\/magyar-nemzeti-leveltar-csongrad-megyei-leveltara-1\/\" target=\"_blank\" rel=\"noopener\">http:\/\/www.archivportal.hu\/hu\/leveltarak\/magyar-nemzeti-leveltar-csongrad-megyei-leveltara-1\/<\/a><\/p>\n<p><strong>K\u00f6nyvt\u00e1rak:<\/strong><br \/>\nOrsz\u00e1gos Sz\u00e9chenyi K\u00f6nyvt\u00e1r: <a href=\"http:\/\/www.oszk.hu\/\" target=\"_blank\" rel=\"noopener\">www.oszk.hu<\/a><br \/>\nG\u00e1l Ferenc Egyetem K\u00f6nyvt\u00e1ra Szeged : <a href=\"https:\/\/gfe.hu\/egyetemi-elet\/konyvtar\/\" target=\"_blank\" rel=\"noopener\">https:\/\/gfe.hu\/egyetemi-elet\/konyvtar\/<\/a><\/p>\n","protected":false},"excerpt":{"rendered":"<p>Lev\u00e9lt\u00e1rak Online adatb\u00e1zisok: A Magyar Nemzeti Lev\u00e9lt\u00e1r t\u00e1j\u00e9koztat\u00e1sa csal\u00e1dt\u00f6rt\u00e9neti kutat\u00f3knak: http:\/\/mnl.gov.hu\/bal_menusor\/hasznalat\/oktatas\/mindenkinek\/csaladfakutatas\/csaladtorteneti_kutatasok.html Anyak\u00f6nyvi adatb\u00e1zis: https:\/\/familysearch.org\/ Magyar Csal\u00e1dt\u00f6rt\u00e9net-kutat\u00f3 Egyes\u00fclet: http:\/\/www.macse.hu\/ Magyar Lev\u00e9lt\u00e1ri Port\u00e1l: http:\/\/www.archivportal.hu\/ Elektronikus Lev\u00e9lt\u00e1ri Port\u00e1l: https:\/\/www.eleveltar.hu\/ Hungaricana K\u00f6zgy\u0171jtem\u00e9nyi Port\u00e1l: http:\/\/hungaricana.hu\/hu\/ [&hellip;]<\/p>\n","protected":false},"author":1,"featured_media":0,"parent":0,"menu_order":0,"comment_status":"closed","ping_status":"closed","template":"","meta":[],"yoast_head":"<!-- This site is optimized with the Yoast SEO plugin v19.9 - https:\/\/yoast.com\/wordpress\/plugins\/seo\/ -->\n<title>Kutat\u00e1si weboldalak - Lev\u00e9lt\u00e1r<\/title>\n<meta name=\"robots\" content=\"index, follow, max-snippet:-1, max-image-preview:large, max-video-preview:-1\" \/>\n<link rel=\"canonical\" href=\"http:\/\/szeged-csanad.hu\/leveltar\/kutatasi-weboldalak\/\" \/>\n<meta property=\"og:locale\" content=\"en_US\" \/>\n<meta property=\"og:type\" content=\"article\" \/>\n<meta property=\"og:title\" content=\"Kutat\u00e1si weboldalak - Lev\u00e9lt\u00e1r\" \/>\n<meta property=\"og:description\" content=\"Lev\u00e9lt\u00e1rak Online adatb\u00e1zisok: A Magyar Nemzeti Lev\u00e9lt\u00e1r t\u00e1j\u00e9koztat\u00e1sa csal\u00e1dt\u00f6rt\u00e9neti kutat\u00f3knak: http:\/\/mnl.gov.hu\/bal_menusor\/hasznalat\/oktatas\/mindenkinek\/csaladfakutatas\/csaladtorteneti_kutatasok.html Anyak\u00f6nyvi adatb\u00e1zis: https:\/\/familysearch.org\/ Magyar Csal\u00e1dt\u00f6rt\u00e9net-kutat\u00f3 Egyes\u00fclet: http:\/\/www.macse.hu\/ Magyar Lev\u00e9lt\u00e1ri Port\u00e1l: http:\/\/www.archivportal.hu\/ Elektronikus Lev\u00e9lt\u00e1ri Port\u00e1l: https:\/\/www.eleveltar.hu\/ Hungaricana K\u00f6zgy\u0171jtem\u00e9nyi Port\u00e1l: http:\/\/hungaricana.hu\/hu\/ [&hellip;]\" \/>\n<meta property=\"og:url\" content=\"http:\/\/szeged-csanad.hu\/leveltar\/kutatasi-weboldalak\/\" \/>\n<meta property=\"og:site_name\" content=\"Lev\u00e9lt\u00e1r\" \/>\n<meta property=\"article:modified_time\" content=\"2021-04-23T07:55:31+00:00\" \/>\n<meta name=\"twitter:card\" content=\"summary_large_image\" \/>\n<meta name=\"twitter:label1\" content=\"Est. reading time\" \/>\n\t<meta name=\"twitter:data1\" content=\"1 minute\" \/>\n<script type=\"application\/ld+json\" class=\"yoast-schema-graph\">{\"@context\":\"https:\/\/schema.org\",\"@graph\":[{\"@type\":\"WebPage\",\"@id\":\"http:\/\/szeged-csanad.hu\/leveltar\/kutatasi-weboldalak\/\",\"url\":\"http:\/\/szeged-csanad.hu\/leveltar\/kutatasi-weboldalak\/\",\"name\":\"Kutat\u00e1si weboldalak - Lev\u00e9lt\u00e1r\",\"isPartOf\":{\"@id\":\"http:\/\/szeged-csanad.hu\/leveltar\/#website\"},\"datePublished\":\"2021-04-23T07:45:03+00:00\",\"dateModified\":\"2021-04-23T07:55:31+00:00\",\"inLanguage\":\"en-US\",\"potentialAction\":[{\"@type\":\"ReadAction\",\"target\":[\"http:\/\/szeged-csanad.hu\/leveltar\/kutatasi-weboldalak\/\"]}]},{\"@type\":\"WebSite\",\"@id\":\"http:\/\/szeged-csanad.hu\/leveltar\/#website\",\"url\":\"http:\/\/szeged-csanad.hu\/leveltar\/\",\"name\":\"Lev\u00e9lt\u00e1r\",\"description\":\"\",\"potentialAction\":[{\"@type\":\"SearchAction\",\"target\":{\"@type\":\"EntryPoint\",\"urlTemplate\":\"http:\/\/szeged-csanad.hu\/leveltar\/?s={search_term_string}\"},\"query-input\":\"required name=search_term_string\"}],\"inLanguage\":\"en-US\"}]}<\/script>\n<!-- \/ Yoast SEO plugin. -->","yoast_head_json":{"title":"Kutat\u00e1si weboldalak - Lev\u00e9lt\u00e1r","robots":{"index":"index","follow":"follow","max-snippet":"max-snippet:-1","max-image-preview":"max-image-preview:large","max-video-preview":"max-video-preview:-1"},"canonical":"http:\/\/szeged-csanad.hu\/leveltar\/kutatasi-weboldalak\/","og_locale":"en_US","og_type":"article","og_title":"Kutat\u00e1si weboldalak - Lev\u00e9lt\u00e1r","og_description":"Lev\u00e9lt\u00e1rak Online adatb\u00e1zisok: A Magyar Nemzeti Lev\u00e9lt\u00e1r t\u00e1j\u00e9koztat\u00e1sa csal\u00e1dt\u00f6rt\u00e9neti kutat\u00f3knak: http:\/\/mnl.gov.hu\/bal_menusor\/hasznalat\/oktatas\/mindenkinek\/csaladfakutatas\/csaladtorteneti_kutatasok.html Anyak\u00f6nyvi adatb\u00e1zis: https:\/\/familysearch.org\/ Magyar Csal\u00e1dt\u00f6rt\u00e9net-kutat\u00f3 Egyes\u00fclet: http:\/\/www.macse.hu\/ Magyar Lev\u00e9lt\u00e1ri Port\u00e1l: http:\/\/www.archivportal.hu\/ Elektronikus Lev\u00e9lt\u00e1ri Port\u00e1l: https:\/\/www.eleveltar.hu\/ Hungaricana K\u00f6zgy\u0171jtem\u00e9nyi Port\u00e1l: http:\/\/hungaricana.hu\/hu\/ [&hellip;]","og_url":"http:\/\/szeged-csanad.hu\/leveltar\/kutatasi-weboldalak\/","og_site_name":"Lev\u00e9lt\u00e1r","article_modified_time":"2021-04-23T07:55:31+00:00","twitter_card":"summary_large_image","twitter_misc":{"Est. reading time":"1 minute"},"schema":{"@context":"https:\/\/schema.org","@graph":[{"@type":"WebPage","@id":"http:\/\/szeged-csanad.hu\/leveltar\/kutatasi-weboldalak\/","url":"http:\/\/szeged-csanad.hu\/leveltar\/kutatasi-weboldalak\/","name":"Kutat\u00e1si weboldalak - Lev\u00e9lt\u00e1r","isPartOf":{"@id":"http:\/\/szeged-csanad.hu\/leveltar\/#website"},"datePublished":"2021-04-23T07:45:03+00:00","dateModified":"2021-04-23T07:55:31+00:00","inLanguage":"en-US","potentialAction":[{"@type":"ReadAction","target":["http:\/\/szeged-csanad.hu\/leveltar\/kutatasi-weboldalak\/"]}]},{"@type":"WebSite","@id":"http:\/\/szeged-csanad.hu\/leveltar\/#website","url":"http:\/\/szeged-csanad.hu\/leveltar\/","name":"Lev\u00e9lt\u00e1r","description":"","potentialAction":[{"@type":"SearchAction","target":{"@type":"EntryPoint","urlTemplate":"http:\/\/szeged-csanad.hu\/leveltar\/?s={search_term_string}"},"query-input":"required name=search_term_string"}],"inLanguage":"en-US"}]}},"_links":{"self":[{"href":"https:\/\/szeged-csanad.hu\/leveltar\/wp-json\/wp\/v2\/pages\/204"}],"collection":[{"href":"https:\/\/szeged-csanad.hu\/leveltar\/wp-json\/wp\/v2\/pages"}],"about":[{"href":"https:\/\/szeged-csanad.hu\/leveltar\/wp-json\/wp\/v2\/types\/page"}],"author":[{"embeddable":true,"href":"https:\/\/szeged-csanad.hu\/leveltar\/wp-json\/wp\/v2\/users\/1"}],"replies":[{"embeddable":true,"href":"https:\/\/szeged-csanad.hu\/leveltar\/wp-json\/wp\/v2\/comments?post=204"}],"version-history":[{"count":3,"href":"https:\/\/szeged-csanad.hu\/leveltar\/wp-json\/wp\/v2\/pages\/204\/revisions"}],"predecessor-version":[{"id":207,"href":"https:\/\/szeged-csanad.hu\/leveltar\/wp-json\/wp\/v2\/pages\/204\/revisions\/207"}],"wp:attachment":[{"href":"https:\/\/szeged-csanad.hu\/leveltar\/wp-json\/wp\/v2\/media?parent=204"}],"curies":[{"name":"wp","href":"https:\/\/api.w.org\/{rel}","templated":true}]}}