{"id":200,"date":"2021-04-23T07:43:11","date_gmt":"2021-04-23T07:43:11","guid":{"rendered":"http:\/\/szeged-csanad.hu\/leveltar\/?page_id=200"},"modified":"2026-03-25T12:48:13","modified_gmt":"2026-03-25T12:48:13","slug":"kutatasi-kerelem","status":"publish","type":"page","link":"https:\/\/szeged-csanad.hu\/leveltar\/kutatasi-kerelem\/","title":{"rendered":"Kutat\u00e1si k\u00e9relem"},"content":{"rendered":"<p>&nbsp;<\/p>\n<p><a href=\"http:\/\/szeged-csanad.hu\/leveltar\/wp-content\/uploads\/2026\/03\/Latogatojegy-kutatasi-engedely-bianko.docx\"><strong>Kutat\u00e1si k\u00e9relem (DOCX) &gt;&gt;&gt;<\/strong><\/a><\/p>\n","protected":false},"excerpt":{"rendered":"<p>&nbsp; Kutat\u00e1si k\u00e9relem (DOCX) &gt;&gt;&gt;<\/p>\n","protected":false},"author":1,"featured_media":0,"parent":0,"menu_order":0,"comment_status":"closed","ping_status":"closed","template":"","meta":[],"yoast_head":"<!-- This site is optimized with the Yoast SEO plugin v19.9 - https:\/\/yoast.com\/wordpress\/plugins\/seo\/ -->\n<title>Kutat\u00e1si k\u00e9relem - Lev\u00e9lt\u00e1r<\/title>\n<meta name=\"robots\" content=\"index, follow, max-snippet:-1, max-image-preview:large, max-video-preview:-1\" \/>\n<link rel=\"canonical\" href=\"https:\/\/szeged-csanad.hu\/leveltar\/kutatasi-kerelem\/\" \/>\n<meta property=\"og:locale\" content=\"en_US\" \/>\n<meta property=\"og:type\" content=\"article\" \/>\n<meta property=\"og:title\" content=\"Kutat\u00e1si k\u00e9relem - Lev\u00e9lt\u00e1r\" \/>\n<meta property=\"og:description\" content=\"&nbsp; Kutat\u00e1si k\u00e9relem (DOCX) &gt;&gt;&gt;\" \/>\n<meta property=\"og:url\" content=\"https:\/\/szeged-csanad.hu\/leveltar\/kutatasi-kerelem\/\" \/>\n<meta property=\"og:site_name\" content=\"Lev\u00e9lt\u00e1r\" \/>\n<meta property=\"article:modified_time\" content=\"2026-03-25T12:48:13+00:00\" \/>\n<meta name=\"twitter:card\" content=\"summary_large_image\" \/>\n<meta name=\"twitter:label1\" content=\"Est. reading time\" \/>\n\t<meta name=\"twitter:data1\" content=\"1 minute\" \/>\n<script type=\"application\/ld+json\" class=\"yoast-schema-graph\">{\"@context\":\"https:\/\/schema.org\",\"@graph\":[{\"@type\":\"WebPage\",\"@id\":\"https:\/\/szeged-csanad.hu\/leveltar\/kutatasi-kerelem\/\",\"url\":\"https:\/\/szeged-csanad.hu\/leveltar\/kutatasi-kerelem\/\",\"name\":\"Kutat\u00e1si k\u00e9relem - Lev\u00e9lt\u00e1r\",\"isPartOf\":{\"@id\":\"http:\/\/szeged-csanad.hu\/leveltar\/#website\"},\"datePublished\":\"2021-04-23T07:43:11+00:00\",\"dateModified\":\"2026-03-25T12:48:13+00:00\",\"inLanguage\":\"en-US\",\"potentialAction\":[{\"@type\":\"ReadAction\",\"target\":[\"https:\/\/szeged-csanad.hu\/leveltar\/kutatasi-kerelem\/\"]}]},{\"@type\":\"WebSite\",\"@id\":\"http:\/\/szeged-csanad.hu\/leveltar\/#website\",\"url\":\"http:\/\/szeged-csanad.hu\/leveltar\/\",\"name\":\"Lev\u00e9lt\u00e1r\",\"description\":\"\",\"potentialAction\":[{\"@type\":\"SearchAction\",\"target\":{\"@type\":\"EntryPoint\",\"urlTemplate\":\"http:\/\/szeged-csanad.hu\/leveltar\/?s={search_term_string}\"},\"query-input\":\"required name=search_term_string\"}],\"inLanguage\":\"en-US\"}]}<\/script>\n<!-- \/ Yoast SEO plugin. -->","yoast_head_json":{"title":"Kutat\u00e1si k\u00e9relem - Lev\u00e9lt\u00e1r","robots":{"index":"index","follow":"follow","max-snippet":"max-snippet:-1","max-image-preview":"max-image-preview:large","max-video-preview":"max-video-preview:-1"},"canonical":"https:\/\/szeged-csanad.hu\/leveltar\/kutatasi-kerelem\/","og_locale":"en_US","og_type":"article","og_title":"Kutat\u00e1si k\u00e9relem - Lev\u00e9lt\u00e1r","og_description":"&nbsp; Kutat\u00e1si k\u00e9relem (DOCX) &gt;&gt;&gt;","og_url":"https:\/\/szeged-csanad.hu\/leveltar\/kutatasi-kerelem\/","og_site_name":"Lev\u00e9lt\u00e1r","article_modified_time":"2026-03-25T12:48:13+00:00","twitter_card":"summary_large_image","twitter_misc":{"Est. reading time":"1 minute"},"schema":{"@context":"https:\/\/schema.org","@graph":[{"@type":"WebPage","@id":"https:\/\/szeged-csanad.hu\/leveltar\/kutatasi-kerelem\/","url":"https:\/\/szeged-csanad.hu\/leveltar\/kutatasi-kerelem\/","name":"Kutat\u00e1si k\u00e9relem - Lev\u00e9lt\u00e1r","isPartOf":{"@id":"http:\/\/szeged-csanad.hu\/leveltar\/#website"},"datePublished":"2021-04-23T07:43:11+00:00","dateModified":"2026-03-25T12:48:13+00:00","inLanguage":"en-US","potentialAction":[{"@type":"ReadAction","target":["https:\/\/szeged-csanad.hu\/leveltar\/kutatasi-kerelem\/"]}]},{"@type":"WebSite","@id":"http:\/\/szeged-csanad.hu\/leveltar\/#website","url":"http:\/\/szeged-csanad.hu\/leveltar\/","name":"Lev\u00e9lt\u00e1r","description":"","potentialAction":[{"@type":"SearchAction","target":{"@type":"EntryPoint","urlTemplate":"http:\/\/szeged-csanad.hu\/leveltar\/?s={search_term_string}"},"query-input":"required name=search_term_string"}],"inLanguage":"en-US"}]}},"_links":{"self":[{"href":"https:\/\/szeged-csanad.hu\/leveltar\/wp-json\/wp\/v2\/pages\/200"}],"collection":[{"href":"https:\/\/szeged-csanad.hu\/leveltar\/wp-json\/wp\/v2\/pages"}],"about":[{"href":"https:\/\/szeged-csanad.hu\/leveltar\/wp-json\/wp\/v2\/types\/page"}],"author":[{"embeddable":true,"href":"https:\/\/szeged-csanad.hu\/leveltar\/wp-json\/wp\/v2\/users\/1"}],"replies":[{"embeddable":true,"href":"https:\/\/szeged-csanad.hu\/leveltar\/wp-json\/wp\/v2\/comments?post=200"}],"version-history":[{"count":2,"href":"https:\/\/szeged-csanad.hu\/leveltar\/wp-json\/wp\/v2\/pages\/200\/revisions"}],"predecessor-version":[{"id":15545,"href":"https:\/\/szeged-csanad.hu\/leveltar\/wp-json\/wp\/v2\/pages\/200\/revisions\/15545"}],"wp:attachment":[{"href":"https:\/\/szeged-csanad.hu\/leveltar\/wp-json\/wp\/v2\/media?parent=200"}],"curies":[{"name":"wp","href":"https:\/\/api.w.org\/{rel}","templated":true}]}}