{"id":178,"date":"2021-04-23T07:22:28","date_gmt":"2021-04-23T07:22:28","guid":{"rendered":"http:\/\/szeged-csanad.hu\/leveltar\/?page_id=178"},"modified":"2021-10-14T20:07:57","modified_gmt":"2021-10-14T20:07:57","slug":"szabalyzat-es-leveltari-torvenyek","status":"publish","type":"page","link":"https:\/\/szeged-csanad.hu\/leveltar\/szabalyzat-es-leveltari-torvenyek\/","title":{"rendered":"Szab\u00e1lyzat \u00e9s lev\u00e9lt\u00e1ri t\u00f6rv\u00e9nyek"},"content":{"rendered":"<p style=\"text-align: center;\"><strong>KUTAT\u00c1SI SZAB\u00c1LYZAT<\/strong><\/p>\n<p><strong>1. \u00c1ltal\u00e1nos el\u0151\u00edr\u00e1sok<\/strong><\/p>\n<p>A Kutat\u00e1si Szab\u00e1lyzat az Egyh\u00e1zi T\u00f6rv\u00e9nyk\u00f6nyv 486-491. k\u00e1nonjai alapj\u00e1n k\u00e9sz\u00fclt, figyelembe v\u00e9ve a 2011. \u00e9vi CXII. t\u00f6rv\u00e9ny (a lelkiismereti \u00e9s vall\u00e1sszabads\u00e1g jog\u00e1r\u00f3l, valamint az egyh\u00e1zak, vall\u00e1sfelekezetek \u00e9s vall\u00e1si k\u00f6z\u00f6ss\u00e9gek jog\u00e1ll\u00e1s\u00e1r\u00f3l), az 1995. \u00e9vi LXVI. t\u00f6rv\u00e9ny (a k\u00f6ziratokr\u00f3l, a k\u00f6zlev\u00e9lt\u00e1rakr\u00f3l \u00e9s a mag\u00e1nlev\u00e9lt\u00e1ri anyag v\u00e9delm\u00e9r\u0151l), a 27\/2015. (V. 27.) EMMI rendelet (a k\u00f6zlev\u00e9lt\u00e1rak \u00e9s a nyilv\u00e1nos mag\u00e1nlev\u00e9lt\u00e1rak tev\u00e9kenys\u00e9g\u00e9vel \u00f6sszef\u00fcgg\u0151 szakmai k\u00f6vetelm\u00e9nyekr\u0151l) el\u0151\u00edr\u00e1sait, \u00e9s az anyak\u00f6nyvi elj\u00e1r\u00e1sr\u00f3l sz\u00f3l\u00f3 2010. \u00e9vi I. t\u00f6rv\u00e9ny, az (EU) 2016\/679 eur\u00f3pai parlamenti \u00e9s tan\u00e1csi rendelet\u00e9t.<br \/>\nA szab\u00e1lyzat hat\u00e1lya:<br \/>\nJelen szab\u00e1lyzat kiterjed a Szeged-Csan\u00e1di Egyh\u00e1zmegyei Lev\u00e9lt\u00e1r kutat\u00f3term\u00e9re, s az ott v\u00e9gzett munk\u00e1ra.<\/p>\n<p><strong>2. A kutat\u00e1s enged\u00e9lyez\u00e9se, adminisztr\u00e1ci\u00f3<\/strong><\/p>\n<p>A kutat\u00e1s enged\u00e9lyez\u00e9s\u00e9hez minden kutat\u00f3nak egy erre a c\u00e9lra rendszeres\u00edtett kutat\u00e1si k\u00e9relmet kell kit\u00f6ltenie. A k\u00e9relem tartalmazza a kutat\u00f3 szem\u00e9lyi adatait (n\u00e9v, lakc\u00edm, szem. ig. sz\u00e1m, foglalkoz\u00e1s), valamint a kutat\u00e1s t\u00e9m\u00e1j\u00e1nak \u00e9s \u00e9vk\u00f6r\u00e9nek meghat\u00e1roz\u00e1s\u00e1t. Kutat\u00e1si enged\u00e9lyt kaphat minden olyan 18. \u00e9let\u00e9v\u00e9t bet\u00f6lt\u00f6tt szem\u00e9ly, aki k\u00e9pes a lev\u00e9lt\u00e1ri anyag iratkezel\u00e9si szab\u00e1lyoknak megfelel\u0151, rendeltet\u00e9sszer\u0171 haszn\u00e1lat\u00e1ra, \u00e9s k\u00f6telezi mag\u00e1t ezen szab\u00e1lyok betart\u00e1s\u00e1ra. A kutat\u00e1s enged\u00e9lyez\u00e9s\u00e9re a lev\u00e9lt\u00e1r tulajdonosa, a Szeged-Csan\u00e1di Egyh\u00e1zmegye jogi k\u00e9pvisel\u0151je, a mindenkori p\u00fcsp\u00f6k (illetve az \u0151 megb\u00edzottja) jogosult. Kutat\u00e1si korl\u00e1toz\u00e1s al\u00e1 nem es\u0151 iratanyagok eset\u00e9ben az ordin\u00e1rius ezt a jog\u00e1t \u00e1truh\u00e1zza a lev\u00e9lt\u00e1r vezet\u0151j\u00e9re. Minden enged\u00e9lyezett k\u00e9relem az adott napt\u00e1ri \u00e9vre sz\u00f3l. A kutat\u00e1si t\u00e9ma v\u00e1ltoz\u00e1sa eset\u00e9n, illetve a napt\u00e1ri \u00e9v elm\u00falt\u00e1val \u00fajabb k\u00e9relmet kell kit\u00f6lteni. A kutat\u00f3 napl\u00f3ba a kutat\u00f3terem fel\u00fcgyel\u0151je regisztr\u00e1lja a kiadott lev\u00e9lt\u00e1ri iratok, rakt\u00e1ri egys\u00e9gek pontos jelzet\u00e9t, valamint f\u00f6ljegyzi a kutat\u00e1si alkalmak \u00e9s a kutatott anyagr\u00f3l k\u00e9sz\u00edtett f\u00e9nym\u00e1solatok sz\u00e1m\u00e1t.<\/p>\n<p>A kutat\u00e1si enged\u00e9lyt v\u00e9glegesen vagy ideiglenesen vissza kell vonni att\u00f3l a kutat\u00f3t\u00f3l, aki a lev\u00e9lt\u00e1rb\u00f3l iratanyagot tulajdon\u00edt el, az anyagot sz\u00e1nd\u00e9kosan vagy gondatlans\u00e1gb\u00f3l megrong\u00e1lja, a kiadott iratok rendj\u00e9t \u00f6nk\u00e9nyesen megv\u00e1ltoztatja.<\/p>\n<p><strong>3. A kutat\u00e1s helysz\u00edne, kutat\u00f3szolg\u00e1lat<\/strong><\/p>\n<p>A kutat\u00e1s helye a lev\u00e9lt\u00e1r kutat\u00f3szob\u00e1ja, melynek nyitvatart\u00e1sa h\u00e9tf\u0151-cs\u00fct\u00f6rt\u00f6k 8-16 \u00f3ra, p\u00e9ntek 8-13 \u00f3ra k\u00f6z\u00f6tt van. Kutat\u00f3inkt\u00f3l el\u0151zetes bejelentkez\u00e9st k\u00e9r\u00fcnk. A kutat\u00e1s d\u00edjtalan, m\u00e1solatok k\u00e9sz\u00edt\u00e9s\u00e9nek lehet\u0151s\u00e9ge biztos\u00edtott. A kutat\u00f3nak egyszerre kiadott rakt\u00e1ri egys\u00e9gek sz\u00e1ma nem haladhatja meg a 2 doboz, 4 k\u00f6tet vagy 4 csom\u00f3 terjedelmet. Ha valamely lev\u00e9lt\u00e1ri iratanyagr\u00f3l m\u00e1r l\u00e9tezik biztons\u00e1gi m\u00e1solat, akkor a m\u00e1solat ker\u00fcl kiad\u00e1sra.<\/p>\n<p>A kutat\u00f3terem fel\u00fcgyel\u0151j\u00e9nek feladata a kutat\u00f3k ell\u00e1t\u00e1s\u00e1ban:<\/p>\n<p>&#8211; R\u00e9szletesen ismerteti az iratok kezel\u00e9s\u00e9nek rendj\u00e9t.<br \/>\n&#8211; A kutat\u00f3k rendelkez\u00e9s\u00e9re bocs\u00e1tja a lev\u00e9lt\u00e1ri seg\u00e9dleteket.<br \/>\n&#8211; Legjobb tud\u00e1sa szerint megad minden inform\u00e1ci\u00f3t, amely a munka megkezd\u00e9s\u00e9hez sz\u00fcks\u00e9ges \u00e9s a kutat\u00e1st seg\u00edti.<br \/>\n&#8211; A kutat\u00f3kat folyamatosan ell\u00e1tja iratanyaggal, elk\u00e9sz\u00edti a megrendelt m\u00e1solatokat.<br \/>\n&#8211; Nyilv\u00e1ntartja a kiadott iratanyagot, statisztik\u00e1t k\u00e9sz\u00edt a kutat\u00f3k sz\u00e1m\u00e1r\u00f3l \u00e9s a kutat\u00e1si esetekr\u0151l.<br \/>\n&#8211; Nem feladata a Lev\u00e9lt\u00e1r munkat\u00e1rsainak a kutat\u00e1sra kiadott lev\u00e9lt\u00e1ri anyag \u00e9rtelmez\u00e9se, a kutat\u00f3 helyett v\u00e9gzett feldolgoz\u00f3 munka (pl. olvas\u00e1s, ford\u00edt\u00e1s, adatok keres\u00e9se az iratokban stb.).<\/p>\n<p><strong>4. A lev\u00e9lt\u00e1ri anyag kutathat\u00f3s\u00e1ga<\/strong><\/p>\n<p>A lev\u00e9lt\u00e1r anyaga az iratok keletkez\u00e9s\u00e9nek napt\u00e1ri \u00e9v\u00e9t\u0151l sz\u00e1m\u00edtott 60. \u00e9v ut\u00e1n kutathat\u00f3. A kutat\u00e1si id\u0151hat\u00e1r teh\u00e1t \u00e1ltal\u00e1ban 60 \u00e9v, kiv\u00e9telt jelentenek a k\u00f6vetkez\u0151, kutat\u00e1si korl\u00e1toz\u00e1s al\u00e1 es\u0151 iratok:<\/p>\n<p>A perszon\u00e1lis (szem\u00e9lyi) iratok csak az \u00e9rintett szem\u00e9lyek elhal\u00e1loz\u00e1s\u00e1t k\u00f6vet\u0151 30. \u00e9v ut\u00e1n kutathat\u00f3k. Ha az elhal\u00e1loz\u00e1s pontos ideje nem ismert, akkor a sz\u00fclet\u00e9s \u00e9v\u00e9t k\u00f6vet\u0151 90. \u00e9v ut\u00e1n, ha az sem ismert, akkor az irat keletkez\u00e9s\u00e9t\u0151l sz\u00e1m\u00edtott 60. \u00e9v ut\u00e1n v\u00e1lik kutathat\u00f3v\u00e1 az irat.<br \/>\nAz anyak\u00f6nyvek csak a keletkez\u00e9s\u00fckt\u0151l sz\u00e1m\u00edtott 90. \u00e9v ut\u00e1n kutathat\u00f3k.<br \/>\nA szentsz\u00e9ki, peres iratok nem kutathat\u00f3k.<\/p>\n<p>A kutat\u00e1si id\u0151hat\u00e1r (60 \u00e9v) \u00e9s egy\u00e9b kutat\u00e1si korl\u00e1toz\u00e1sok feloldhat\u00f3k a lev\u00e9lt\u00e1r fenntart\u00f3j\u00e1nak k\u00fcl\u00f6n enged\u00e9ly\u00e9vel, amennyiben a kutat\u00e1s tudom\u00e1nyos jelent\u0151s\u00e9ge azt indokolja. Az ilyen kutat\u00e1si k\u00e9relmek elb\u00edr\u00e1l\u00e1s\u00e1hoz sz\u00fcks\u00e9ges a kutat\u00f3 kutat\u00e1si terv\u00e9nek r\u00e9szletes ismertet\u00e9se, tov\u00e1bb\u00e1 c\u00e9lszer\u0171 valamely tudom\u00e1nyos kutat\u00e1st rendeltet\u00e9sszer\u0171en v\u00e9gz\u0151 szerv (pl. egyetem, T\u00f6rt\u00e9nettudom\u00e1nyi Int\u00e9zet, MTA stb.) aj\u00e1nl\u00e1s\u00e1t is csatolni. A korl\u00e1toz\u00e1s al\u00e1 es\u0151 iratok kutat\u00e1sa eset\u00e9n a k\u00f6vetkez\u0151ket kell figyelembe venni:<br \/>\nA korl\u00e1toz\u00e1s al\u00e1 es\u0151 iratok kutat\u00e1s\u00e1nak eset\u00e9ben a kutat\u00f3nak k\u00fcl\u00f6n \u00edr\u00e1sos nyilatkozatot kell tennie, hogy a megismert adatok nyilv\u00e1noss\u00e1gra hozatala eset\u00e9n az 1992. \u00e9vi LXIII. (a szem\u00e9lyes adatok v\u00e9delm\u00e9r\u0151l sz\u00f3l\u00f3) t\u00f6rv\u00e9ny szerint j\u00e1r el, \u00e9s az esetlegesen felmer\u00fcl\u0151 b\u00fcntet\u0151jogi \u00e9s anyagi felel\u0151ss\u00e9get v\u00e1llalja.<br \/>\nSzem\u00e9lyes \u00e9rintetts\u00e9g eset\u00e9n a kutat\u00e1s t\u00f6rt\u00e9nhet az \u00e9rintett szem\u00e9ly, vagy hal\u00e1la ut\u00e1n annak \u00f6r\u00f6k\u00f6se, lesz\u00e1rmazottja \u00edr\u00e1sos hozz\u00e1j\u00e1rul\u00e1s\u00e1nak megszerz\u00e9s\u00e9vel.<\/p>\n<p>Szeged, 2021. 10. 01.<\/p>\n<hr \/>\n<p style=\"text-align: center;\"><strong>JOGI H\u00c1TT\u00c9R<br \/>\n<\/strong><\/p>\n<p><em>Int\u00e9zm\u00e9ny\u00fcnk az 1995. \u00e9vi LXVI. t\u00f6rv\u00e9ny [a tov\u00e1bbiakban: Lev\u00e9lt\u00e1ri t\u00f6rv\u00e9ny.] 30\u201333. \u00a7-a szerinti nyilv\u00e1nos mag\u00e1nlev\u00e9lt\u00e1r, mely alaptev\u00e9kenys\u00e9ge sor\u00e1n a k\u00f6zlev\u00e9lt\u00e1rak \u00e9s nyilv\u00e1nos mag\u00e1nlev\u00e9lt\u00e1rak tev\u00e9kenys\u00e9g\u00e9vel \u00f6sszef\u00fcgg\u0151 szakmai k\u00f6vetelm\u00e9nyekr\u0151l sz\u00f3l\u00f3 10\/2002. (IV. 13.) NK\u00d6M rendeletben [a tov\u00e1bbiakban: Rendelet], illetve egy\u00e9b jogszab\u00e1lyokban illet\u00e9kess\u00e9g\u00e9be utalt lev\u00e9lt\u00e1ri feladatokat l\u00e1tja el mint tudom\u00e1nyos int\u00e9zm\u00e9ny.<\/em><\/p>\n<p><em>Munk\u00e1j\u00e1t els\u0151sorban az al\u00e1bbi jogszab\u00e1lyok hat\u00e1rozz\u00e1k meg:<\/em><\/p>\n<p><em>2011. \u00e9vi C. t\u00f6rv\u00e9ny a lelkiismereti \u00e9s vall\u00e1sszabads\u00e1g jog\u00e1r\u00f3l, valamint az egyh\u00e1zak, vall\u00e1sfelekezetek \u00e9s vall\u00e1si k\u00f6z\u00f6ss\u00e9gek jog\u00e1ll\u00e1s\u00e1r\u00f3l;<\/em><br \/>\n<em>2006. \u00e9vi XXXVIII. t\u00f6rv\u00e9ny a szellemi kultur\u00e1lis \u00f6r\u00f6ks\u00e9g meg\u0151rz\u00e9s\u00e9r\u0151l sz\u00f3l\u00f3, P\u00e1rizsban, 2003. \u00e9v okt\u00f3ber h\u00f3 17. napj\u00e1n elfogadott UNESCO Egyezm\u00e9ny kihirdet\u00e9s\u00e9r\u0151l.;<\/em><br \/>\n<em>2001. \u00e9vi LXIV. t\u00f6rv\u00e9ny a kultur\u00e1lis \u00f6r\u00f6ks\u00e9g v\u00e9delm\u00e9r\u0151l;<\/em><br \/>\n<em>1999. \u00e9vi LXXVI. t\u00f6rv\u00e9ny a szerz\u0151i jogr\u00f3l;<\/em><br \/>\n<em>1997. \u00e9vi CXL. tv. a muze\u00e1lis int\u00e9zm\u00e9nyekr\u0151l, a nyilv\u00e1nos k\u00f6nyvt\u00e1ri ell\u00e1t\u00e1sr\u00f3l \u00e9s a k\u00f6zm\u0171vel\u0151d\u00e9sr\u0151l;<\/em><br \/>\n<em>1995. \u00e9vi LXVI. t\u00f6rv\u00e9ny a k\u00f6ziratokr\u00f3l, a k\u00f6zlev\u00e9lt\u00e1rakr\u00f3l \u00e9s a mag\u00e1nlev\u00e9lt\u00e1ri anyag v\u00e9delm\u00e9r\u0151l;<\/em><br \/>\n<em>1995. \u00e9vi LXV. tv. az \u00e1llamtitokr\u00f3l \u00e9s a szolg\u00e1lati titokr\u00f3l;<\/em><br \/>\n<em>1992. \u00e9vi LXIII. tv. a szem\u00e9lyes adatok v\u00e9delm\u00e9r\u0151l \u00e9s a k\u00f6z\u00e9rdek\u0171 adatok nyilv\u00e1noss\u00e1g\u00e1r\u00f3l;<\/em><br \/>\n<em>1992. \u00e9vi XXXIII. t\u00f6rv\u00e9ny a k\u00f6zalkalmazottak jog\u00e1ll\u00e1s\u00e1r\u00f3l;<\/em><br \/>\n<em>1992. \u00e9vi XXII. t\u00f6rv\u00e9ny a Munka T\u00f6rv\u00e9nyk\u00f6nyv\u00e9r\u0151l;<\/em><br \/>\n<em>335\/2005. (XII. 29.) Korm. rendelet a k\u00f6zfeladatot ell\u00e1t\u00f3 szervek iratkezel\u00e9s\u00e9nek \u00e1ltal\u00e1nos k\u00f6vetelm\u00e9nyeir\u0151l;<\/em><br \/>\n<em>79\/1995. (VI. 30.) Korm. rendelet a min\u0151s\u00edtett adat kezel\u00e9s\u00e9nek rendj\u00e9r\u0151l;<\/em><br \/>\n<em>A 150\/1992. (XI. 20.) Korm. rendelet a k\u00f6zalkalmazottak jog\u00e1ll\u00e1s\u00e1r\u00f3l sz\u00f3l\u00f3 1992. \u00e9vi XXXIII. t\u00f6rv\u00e9ny v\u00e9grehajt\u00e1s\u00e1r\u00f3l a m\u0171v\u00e9szeti, a k\u00f6zm\u0171vel\u0151d\u00e9si \u00e9s a k\u00f6zgy\u0171jtem\u00e9nyi ter\u00fcleten foglalkoztatottak jogviszony\u00e1val \u00f6sszef\u00fcgg\u0151 egyes k\u00e9rd\u00e9sek rendez\u00e9s\u00e9re;<\/em><br \/>\n<em>10\/2002. (IV. 13.) NK\u00d6M rendelet a k\u00f6zlev\u00e9lt\u00e1rak \u00e9s nyilv\u00e1nos mag\u00e1nlev\u00e9lt\u00e1rak tev\u00e9kenys\u00e9g\u00e9vel \u00f6sszef\u00fcgg\u0151 szakmai k\u00f6vetelm\u00e9nyekr\u0151l;<\/em><br \/>\n<em>9\/2002. (IV. 5.) NK\u00d6M rendelet a szakmai \u00e9s vizsgak\u00f6vetelm\u00e9nyek kiad\u00e1s\u00e1r\u00f3l, valamint a szakmai vizsga szervez\u00e9s\u00e9re feljogos\u00edtott int\u00e9zm\u00e9nyekr\u0151l;<\/em><br \/>\n<em>7\/2002. (II. 27.) NK\u00d6M rendelet a Lev\u00e9lt\u00e1ri Koll\u00e9giumr\u00f3l \u00e9s a lev\u00e9lt\u00e1ri szakfel\u00fcgyeletr\u0151l;<\/em><br \/>\n<em>4\/2002. (II. 15.) NK\u00d6M rendelet a v\u00e9dett szem\u00e9lyes adatot tartalmaz\u00f3 lev\u00e9lt\u00e1ri anyag m\u00e1solat\u00e1nak adatv\u00e9delmi szerz\u0151d\u00e9s alapj\u00e1n t\u00f6rt\u00e9n\u0151 tov\u00e1bb\u00edt\u00e1sa elleni tiltakoz\u00e1si jog gyakorl\u00e1s\u00e1r\u00f3l;<\/em><br \/>\n<em>3\/2002. (II. 15.) NK\u00d6M rendelet a kultur\u00e1lis \u00f6r\u00f6ks\u00e9g v\u00e9dett\u00e9 nyilv\u00e1n\u00edt\u00e1s\u00e1nak r\u00e9szletes szab\u00e1lyair\u00f3l;<\/em><br \/>\n<em>1\/2000. (I. 14.) NK\u00d6M rendelet a kultur\u00e1lis szakemberek szervezett k\u00e9pz\u00e9si rendszer\u00e9r\u0151l, k\u00f6vetelm\u00e9nyeir\u0151l \u00e9s a k\u00e9pz\u00e9s finansz\u00edroz\u00e1s\u00e1r\u00f3l.<br \/>\n2010. \u00e9vi I. t\u00f6rv\u00e9ny az anyak\u00f6nyvi elj\u00e1r\u00e1sr\u00f3l<br \/>\n27\/2015. (V. 27.) EMMI rendelet a k\u00f6zlev\u00e9lt\u00e1rak \u00e9s a nyilv\u00e1nos mag\u00e1nlev\u00e9lt\u00e1rak tev\u00e9kenys\u00e9g\u00e9vel \u00f6sszef\u00fcgg\u0151 szakmai k\u00f6vetelm\u00e9nyekr\u0151l<\/em><\/p>\n<p>&nbsp;<\/p>\n","protected":false},"excerpt":{"rendered":"<p>KUTAT\u00c1SI SZAB\u00c1LYZAT 1. \u00c1ltal\u00e1nos el\u0151\u00edr\u00e1sok A Kutat\u00e1si Szab\u00e1lyzat az Egyh\u00e1zi T\u00f6rv\u00e9nyk\u00f6nyv 486-491. k\u00e1nonjai alapj\u00e1n k\u00e9sz\u00fclt, figyelembe v\u00e9ve a 2011. \u00e9vi CXII. t\u00f6rv\u00e9ny (a lelkiismereti \u00e9s vall\u00e1sszabads\u00e1g jog\u00e1r\u00f3l, valamint az egyh\u00e1zak, [&hellip;]<\/p>\n","protected":false},"author":1,"featured_media":0,"parent":0,"menu_order":0,"comment_status":"closed","ping_status":"closed","template":"","meta":[],"yoast_head":"<!-- This site is optimized with the Yoast SEO plugin v19.9 - https:\/\/yoast.com\/wordpress\/plugins\/seo\/ -->\n<title>Szab\u00e1lyzat \u00e9s lev\u00e9lt\u00e1ri t\u00f6rv\u00e9nyek - Lev\u00e9lt\u00e1r<\/title>\n<meta name=\"robots\" content=\"index, follow, max-snippet:-1, max-image-preview:large, max-video-preview:-1\" \/>\n<link rel=\"canonical\" href=\"http:\/\/szeged-csanad.hu\/leveltar\/szabalyzat-es-leveltari-torvenyek\/\" \/>\n<meta property=\"og:locale\" content=\"en_US\" \/>\n<meta property=\"og:type\" content=\"article\" \/>\n<meta property=\"og:title\" content=\"Szab\u00e1lyzat \u00e9s lev\u00e9lt\u00e1ri t\u00f6rv\u00e9nyek - Lev\u00e9lt\u00e1r\" \/>\n<meta property=\"og:description\" content=\"KUTAT\u00c1SI SZAB\u00c1LYZAT 1. \u00c1ltal\u00e1nos el\u0151\u00edr\u00e1sok A Kutat\u00e1si Szab\u00e1lyzat az Egyh\u00e1zi T\u00f6rv\u00e9nyk\u00f6nyv 486-491. k\u00e1nonjai alapj\u00e1n k\u00e9sz\u00fclt, figyelembe v\u00e9ve a 2011. \u00e9vi CXII. t\u00f6rv\u00e9ny (a lelkiismereti \u00e9s vall\u00e1sszabads\u00e1g jog\u00e1r\u00f3l, valamint az egyh\u00e1zak, [&hellip;]\" \/>\n<meta property=\"og:url\" content=\"http:\/\/szeged-csanad.hu\/leveltar\/szabalyzat-es-leveltari-torvenyek\/\" \/>\n<meta property=\"og:site_name\" content=\"Lev\u00e9lt\u00e1r\" \/>\n<meta property=\"article:modified_time\" content=\"2021-10-14T20:07:57+00:00\" \/>\n<meta name=\"twitter:card\" content=\"summary_large_image\" \/>\n<meta name=\"twitter:label1\" content=\"Est. reading time\" \/>\n\t<meta name=\"twitter:data1\" content=\"5 minutes\" \/>\n<script type=\"application\/ld+json\" class=\"yoast-schema-graph\">{\"@context\":\"https:\/\/schema.org\",\"@graph\":[{\"@type\":\"WebPage\",\"@id\":\"http:\/\/szeged-csanad.hu\/leveltar\/szabalyzat-es-leveltari-torvenyek\/\",\"url\":\"http:\/\/szeged-csanad.hu\/leveltar\/szabalyzat-es-leveltari-torvenyek\/\",\"name\":\"Szab\u00e1lyzat \u00e9s lev\u00e9lt\u00e1ri t\u00f6rv\u00e9nyek - Lev\u00e9lt\u00e1r\",\"isPartOf\":{\"@id\":\"http:\/\/szeged-csanad.hu\/leveltar\/#website\"},\"datePublished\":\"2021-04-23T07:22:28+00:00\",\"dateModified\":\"2021-10-14T20:07:57+00:00\",\"inLanguage\":\"en-US\",\"potentialAction\":[{\"@type\":\"ReadAction\",\"target\":[\"http:\/\/szeged-csanad.hu\/leveltar\/szabalyzat-es-leveltari-torvenyek\/\"]}]},{\"@type\":\"WebSite\",\"@id\":\"http:\/\/szeged-csanad.hu\/leveltar\/#website\",\"url\":\"http:\/\/szeged-csanad.hu\/leveltar\/\",\"name\":\"Lev\u00e9lt\u00e1r\",\"description\":\"\",\"potentialAction\":[{\"@type\":\"SearchAction\",\"target\":{\"@type\":\"EntryPoint\",\"urlTemplate\":\"http:\/\/szeged-csanad.hu\/leveltar\/?s={search_term_string}\"},\"query-input\":\"required name=search_term_string\"}],\"inLanguage\":\"en-US\"}]}<\/script>\n<!-- \/ Yoast SEO plugin. -->","yoast_head_json":{"title":"Szab\u00e1lyzat \u00e9s lev\u00e9lt\u00e1ri t\u00f6rv\u00e9nyek - Lev\u00e9lt\u00e1r","robots":{"index":"index","follow":"follow","max-snippet":"max-snippet:-1","max-image-preview":"max-image-preview:large","max-video-preview":"max-video-preview:-1"},"canonical":"http:\/\/szeged-csanad.hu\/leveltar\/szabalyzat-es-leveltari-torvenyek\/","og_locale":"en_US","og_type":"article","og_title":"Szab\u00e1lyzat \u00e9s lev\u00e9lt\u00e1ri t\u00f6rv\u00e9nyek - Lev\u00e9lt\u00e1r","og_description":"KUTAT\u00c1SI SZAB\u00c1LYZAT 1. \u00c1ltal\u00e1nos el\u0151\u00edr\u00e1sok A Kutat\u00e1si Szab\u00e1lyzat az Egyh\u00e1zi T\u00f6rv\u00e9nyk\u00f6nyv 486-491. k\u00e1nonjai alapj\u00e1n k\u00e9sz\u00fclt, figyelembe v\u00e9ve a 2011. \u00e9vi CXII. t\u00f6rv\u00e9ny (a lelkiismereti \u00e9s vall\u00e1sszabads\u00e1g jog\u00e1r\u00f3l, valamint az egyh\u00e1zak, [&hellip;]","og_url":"http:\/\/szeged-csanad.hu\/leveltar\/szabalyzat-es-leveltari-torvenyek\/","og_site_name":"Lev\u00e9lt\u00e1r","article_modified_time":"2021-10-14T20:07:57+00:00","twitter_card":"summary_large_image","twitter_misc":{"Est. reading time":"5 minutes"},"schema":{"@context":"https:\/\/schema.org","@graph":[{"@type":"WebPage","@id":"http:\/\/szeged-csanad.hu\/leveltar\/szabalyzat-es-leveltari-torvenyek\/","url":"http:\/\/szeged-csanad.hu\/leveltar\/szabalyzat-es-leveltari-torvenyek\/","name":"Szab\u00e1lyzat \u00e9s lev\u00e9lt\u00e1ri t\u00f6rv\u00e9nyek - Lev\u00e9lt\u00e1r","isPartOf":{"@id":"http:\/\/szeged-csanad.hu\/leveltar\/#website"},"datePublished":"2021-04-23T07:22:28+00:00","dateModified":"2021-10-14T20:07:57+00:00","inLanguage":"en-US","potentialAction":[{"@type":"ReadAction","target":["http:\/\/szeged-csanad.hu\/leveltar\/szabalyzat-es-leveltari-torvenyek\/"]}]},{"@type":"WebSite","@id":"http:\/\/szeged-csanad.hu\/leveltar\/#website","url":"http:\/\/szeged-csanad.hu\/leveltar\/","name":"Lev\u00e9lt\u00e1r","description":"","potentialAction":[{"@type":"SearchAction","target":{"@type":"EntryPoint","urlTemplate":"http:\/\/szeged-csanad.hu\/leveltar\/?s={search_term_string}"},"query-input":"required name=search_term_string"}],"inLanguage":"en-US"}]}},"_links":{"self":[{"href":"https:\/\/szeged-csanad.hu\/leveltar\/wp-json\/wp\/v2\/pages\/178"}],"collection":[{"href":"https:\/\/szeged-csanad.hu\/leveltar\/wp-json\/wp\/v2\/pages"}],"about":[{"href":"https:\/\/szeged-csanad.hu\/leveltar\/wp-json\/wp\/v2\/types\/page"}],"author":[{"embeddable":true,"href":"https:\/\/szeged-csanad.hu\/leveltar\/wp-json\/wp\/v2\/users\/1"}],"replies":[{"embeddable":true,"href":"https:\/\/szeged-csanad.hu\/leveltar\/wp-json\/wp\/v2\/comments?post=178"}],"version-history":[{"count":14,"href":"https:\/\/szeged-csanad.hu\/leveltar\/wp-json\/wp\/v2\/pages\/178\/revisions"}],"predecessor-version":[{"id":15477,"href":"https:\/\/szeged-csanad.hu\/leveltar\/wp-json\/wp\/v2\/pages\/178\/revisions\/15477"}],"wp:attachment":[{"href":"https:\/\/szeged-csanad.hu\/leveltar\/wp-json\/wp\/v2\/media?parent=178"}],"curies":[{"name":"wp","href":"https:\/\/api.w.org\/{rel}","templated":true}]}}