{"id":15486,"date":"2021-10-28T17:18:39","date_gmt":"2021-10-28T17:18:39","guid":{"rendered":"http:\/\/szeged-csanad.hu\/leveltar\/?page_id=15486"},"modified":"2021-10-28T17:18:39","modified_gmt":"2021-10-28T17:18:39","slug":"lotz_delalfold_egyhaztortenete-1699-1730","status":"publish","type":"page","link":"https:\/\/szeged-csanad.hu\/leveltar\/lotz_delalfold_egyhaztortenete-1699-1730\/","title":{"rendered":"Lotz_D\u00e9lalf\u00f6ld_egyh\u00e1zt\u00f6rt\u00e9nete-1699-1730"},"content":{"rendered":"<div class=\"_df_book df-lite\" id=\"df_15480\"  _slug=\"lotz_delalfold_egyhaztortenete-1699-1730\" data-title=\"lotz_delalfold_egyhaztortenete-1699-1730\" wpoptions=\"true\" thumb=\"http:\/\/szeged-csanad.hu\/leveltar\/wp-content\/uploads\/2021\/10\/Lotz_Degyht-1-scaled.jpg\" thumbtype=\"\" ><\/div><script class=\"df-shortcode-script\" type=\"application\/javascript\">window.option_df_15480 = {\"outline\":[],\"autoEnableOutline\":\"false\",\"autoEnableThumbnail\":\"false\",\"overwritePDFOutline\":\"false\",\"direction\":\"1\",\"pageSize\":\"0\",\"source\":\"http:\\\/\\\/szeged-csanad.hu\\\/leveltar\\\/wp-content\\\/uploads\\\/2021\\\/10\\\/Lotz_Del-Alfold.pdf\",\"wpOptions\":\"true\"}; if(window.DFLIP && window.DFLIP.parseBooks){window.DFLIP.parseBooks();}<\/script>\n","protected":false},"excerpt":{"rendered":"","protected":false},"author":1,"featured_media":0,"parent":0,"menu_order":0,"comment_status":"closed","ping_status":"closed","template":"","meta":[],"yoast_head":"<!-- This site is optimized with the Yoast SEO plugin v19.9 - https:\/\/yoast.com\/wordpress\/plugins\/seo\/ -->\n<title>Lotz_D\u00e9lalf\u00f6ld_egyh\u00e1zt\u00f6rt\u00e9nete-1699-1730 - Lev\u00e9lt\u00e1r<\/title>\n<meta name=\"robots\" content=\"index, follow, max-snippet:-1, max-image-preview:large, max-video-preview:-1\" \/>\n<link rel=\"canonical\" href=\"http:\/\/szeged-csanad.hu\/leveltar\/lotz_delalfold_egyhaztortenete-1699-1730\/\" \/>\n<meta property=\"og:locale\" content=\"en_US\" \/>\n<meta property=\"og:type\" content=\"article\" \/>\n<meta property=\"og:title\" content=\"Lotz_D\u00e9lalf\u00f6ld_egyh\u00e1zt\u00f6rt\u00e9nete-1699-1730 - Lev\u00e9lt\u00e1r\" \/>\n<meta property=\"og:url\" content=\"http:\/\/szeged-csanad.hu\/leveltar\/lotz_delalfold_egyhaztortenete-1699-1730\/\" \/>\n<meta property=\"og:site_name\" content=\"Lev\u00e9lt\u00e1r\" \/>\n<meta name=\"twitter:card\" content=\"summary_large_image\" \/>\n<script type=\"application\/ld+json\" class=\"yoast-schema-graph\">{\"@context\":\"https:\/\/schema.org\",\"@graph\":[{\"@type\":\"WebPage\",\"@id\":\"http:\/\/szeged-csanad.hu\/leveltar\/lotz_delalfold_egyhaztortenete-1699-1730\/\",\"url\":\"http:\/\/szeged-csanad.hu\/leveltar\/lotz_delalfold_egyhaztortenete-1699-1730\/\",\"name\":\"Lotz_D\u00e9lalf\u00f6ld_egyh\u00e1zt\u00f6rt\u00e9nete-1699-1730 - Lev\u00e9lt\u00e1r\",\"isPartOf\":{\"@id\":\"http:\/\/szeged-csanad.hu\/leveltar\/#website\"},\"datePublished\":\"2021-10-28T17:18:39+00:00\",\"dateModified\":\"2021-10-28T17:18:39+00:00\",\"inLanguage\":\"en-US\",\"potentialAction\":[{\"@type\":\"ReadAction\",\"target\":[\"http:\/\/szeged-csanad.hu\/leveltar\/lotz_delalfold_egyhaztortenete-1699-1730\/\"]}]},{\"@type\":\"WebSite\",\"@id\":\"http:\/\/szeged-csanad.hu\/leveltar\/#website\",\"url\":\"http:\/\/szeged-csanad.hu\/leveltar\/\",\"name\":\"Lev\u00e9lt\u00e1r\",\"description\":\"\",\"potentialAction\":[{\"@type\":\"SearchAction\",\"target\":{\"@type\":\"EntryPoint\",\"urlTemplate\":\"http:\/\/szeged-csanad.hu\/leveltar\/?s={search_term_string}\"},\"query-input\":\"required name=search_term_string\"}],\"inLanguage\":\"en-US\"}]}<\/script>\n<!-- \/ Yoast SEO plugin. -->","yoast_head_json":{"title":"Lotz_D\u00e9lalf\u00f6ld_egyh\u00e1zt\u00f6rt\u00e9nete-1699-1730 - Lev\u00e9lt\u00e1r","robots":{"index":"index","follow":"follow","max-snippet":"max-snippet:-1","max-image-preview":"max-image-preview:large","max-video-preview":"max-video-preview:-1"},"canonical":"http:\/\/szeged-csanad.hu\/leveltar\/lotz_delalfold_egyhaztortenete-1699-1730\/","og_locale":"en_US","og_type":"article","og_title":"Lotz_D\u00e9lalf\u00f6ld_egyh\u00e1zt\u00f6rt\u00e9nete-1699-1730 - Lev\u00e9lt\u00e1r","og_url":"http:\/\/szeged-csanad.hu\/leveltar\/lotz_delalfold_egyhaztortenete-1699-1730\/","og_site_name":"Lev\u00e9lt\u00e1r","twitter_card":"summary_large_image","schema":{"@context":"https:\/\/schema.org","@graph":[{"@type":"WebPage","@id":"http:\/\/szeged-csanad.hu\/leveltar\/lotz_delalfold_egyhaztortenete-1699-1730\/","url":"http:\/\/szeged-csanad.hu\/leveltar\/lotz_delalfold_egyhaztortenete-1699-1730\/","name":"Lotz_D\u00e9lalf\u00f6ld_egyh\u00e1zt\u00f6rt\u00e9nete-1699-1730 - Lev\u00e9lt\u00e1r","isPartOf":{"@id":"http:\/\/szeged-csanad.hu\/leveltar\/#website"},"datePublished":"2021-10-28T17:18:39+00:00","dateModified":"2021-10-28T17:18:39+00:00","inLanguage":"en-US","potentialAction":[{"@type":"ReadAction","target":["http:\/\/szeged-csanad.hu\/leveltar\/lotz_delalfold_egyhaztortenete-1699-1730\/"]}]},{"@type":"WebSite","@id":"http:\/\/szeged-csanad.hu\/leveltar\/#website","url":"http:\/\/szeged-csanad.hu\/leveltar\/","name":"Lev\u00e9lt\u00e1r","description":"","potentialAction":[{"@type":"SearchAction","target":{"@type":"EntryPoint","urlTemplate":"http:\/\/szeged-csanad.hu\/leveltar\/?s={search_term_string}"},"query-input":"required name=search_term_string"}],"inLanguage":"en-US"}]}},"_links":{"self":[{"href":"https:\/\/szeged-csanad.hu\/leveltar\/wp-json\/wp\/v2\/pages\/15486"}],"collection":[{"href":"https:\/\/szeged-csanad.hu\/leveltar\/wp-json\/wp\/v2\/pages"}],"about":[{"href":"https:\/\/szeged-csanad.hu\/leveltar\/wp-json\/wp\/v2\/types\/page"}],"author":[{"embeddable":true,"href":"https:\/\/szeged-csanad.hu\/leveltar\/wp-json\/wp\/v2\/users\/1"}],"replies":[{"embeddable":true,"href":"https:\/\/szeged-csanad.hu\/leveltar\/wp-json\/wp\/v2\/comments?post=15486"}],"version-history":[{"count":1,"href":"https:\/\/szeged-csanad.hu\/leveltar\/wp-json\/wp\/v2\/pages\/15486\/revisions"}],"predecessor-version":[{"id":15487,"href":"https:\/\/szeged-csanad.hu\/leveltar\/wp-json\/wp\/v2\/pages\/15486\/revisions\/15487"}],"wp:attachment":[{"href":"https:\/\/szeged-csanad.hu\/leveltar\/wp-json\/wp\/v2\/media?parent=15486"}],"curies":[{"name":"wp","href":"https:\/\/api.w.org\/{rel}","templated":true}]}}