{"id":15401,"date":"2021-10-13T14:36:09","date_gmt":"2021-10-13T14:36:09","guid":{"rendered":"http:\/\/szeged-csanad.hu\/leveltar\/?page_id=15401"},"modified":"2021-10-13T14:36:09","modified_gmt":"2021-10-13T14:36:09","slug":"juhasz-kalman-a-csanadi-puspokseg-tortenete-1030-1242","status":"publish","type":"page","link":"https:\/\/szeged-csanad.hu\/leveltar\/juhasz-kalman-a-csanadi-puspokseg-tortenete-1030-1242\/","title":{"rendered":"Juh\u00e1sz K\u00e1lm\u00e1n: A csan\u00e1di p\u00fcsp\u00f6ks\u00e9g t\u00f6rt\u00e9nete 1030-1242"},"content":{"rendered":"<div class=\"_df_book df-lite\" id=\"df_15390\"  _slug=\"juhasz-kalman-a-csanadi-puspokseg-tortenete-1030-1242\" data-title=\"juhasz-kalman-a-csanadi-puspokseg-tortenete-1030-1242\" wpoptions=\"true\" thumb=\"http:\/\/szeged-csanad.hu\/leveltar\/wp-content\/uploads\/2021\/10\/juhasz_csanad_pusp-1.jpg\" thumbtype=\"\" ><\/div><script class=\"df-shortcode-script\" type=\"application\/javascript\">window.option_df_15390 = {\"outline\":[],\"autoEnableOutline\":\"false\",\"autoEnableThumbnail\":\"false\",\"overwritePDFOutline\":\"false\",\"direction\":\"1\",\"pageSize\":\"0\",\"source\":\"http:\\\/\\\/szeged-csanad.hu\\\/leveltar\\\/wp-content\\\/uploads\\\/2021\\\/10\\\/juhasz_csanad_pusp_1o.pdf\",\"wpOptions\":\"true\"}; if(window.DFLIP && window.DFLIP.parseBooks){window.DFLIP.parseBooks();}<\/script>\n","protected":false},"excerpt":{"rendered":"","protected":false},"author":1,"featured_media":0,"parent":0,"menu_order":0,"comment_status":"closed","ping_status":"closed","template":"","meta":[],"yoast_head":"<!-- This site is optimized with the Yoast SEO plugin v19.9 - https:\/\/yoast.com\/wordpress\/plugins\/seo\/ -->\n<title>Juh\u00e1sz K\u00e1lm\u00e1n: A csan\u00e1di p\u00fcsp\u00f6ks\u00e9g t\u00f6rt\u00e9nete 1030-1242 - Lev\u00e9lt\u00e1r<\/title>\n<meta name=\"robots\" content=\"index, follow, max-snippet:-1, max-image-preview:large, max-video-preview:-1\" \/>\n<link rel=\"canonical\" href=\"http:\/\/szeged-csanad.hu\/leveltar\/juhasz-kalman-a-csanadi-puspokseg-tortenete-1030-1242\/\" \/>\n<meta property=\"og:locale\" content=\"en_US\" \/>\n<meta property=\"og:type\" content=\"article\" \/>\n<meta property=\"og:title\" content=\"Juh\u00e1sz K\u00e1lm\u00e1n: A csan\u00e1di p\u00fcsp\u00f6ks\u00e9g t\u00f6rt\u00e9nete 1030-1242 - Lev\u00e9lt\u00e1r\" \/>\n<meta property=\"og:url\" content=\"http:\/\/szeged-csanad.hu\/leveltar\/juhasz-kalman-a-csanadi-puspokseg-tortenete-1030-1242\/\" \/>\n<meta property=\"og:site_name\" content=\"Lev\u00e9lt\u00e1r\" \/>\n<meta name=\"twitter:card\" content=\"summary_large_image\" \/>\n<meta name=\"twitter:label1\" content=\"Est. reading time\" \/>\n\t<meta name=\"twitter:data1\" content=\"1 minute\" \/>\n<script type=\"application\/ld+json\" class=\"yoast-schema-graph\">{\"@context\":\"https:\/\/schema.org\",\"@graph\":[{\"@type\":\"WebPage\",\"@id\":\"http:\/\/szeged-csanad.hu\/leveltar\/juhasz-kalman-a-csanadi-puspokseg-tortenete-1030-1242\/\",\"url\":\"http:\/\/szeged-csanad.hu\/leveltar\/juhasz-kalman-a-csanadi-puspokseg-tortenete-1030-1242\/\",\"name\":\"Juh\u00e1sz K\u00e1lm\u00e1n: A csan\u00e1di p\u00fcsp\u00f6ks\u00e9g t\u00f6rt\u00e9nete 1030-1242 - Lev\u00e9lt\u00e1r\",\"isPartOf\":{\"@id\":\"http:\/\/szeged-csanad.hu\/leveltar\/#website\"},\"datePublished\":\"2021-10-13T14:36:09+00:00\",\"dateModified\":\"2021-10-13T14:36:09+00:00\",\"inLanguage\":\"en-US\",\"potentialAction\":[{\"@type\":\"ReadAction\",\"target\":[\"http:\/\/szeged-csanad.hu\/leveltar\/juhasz-kalman-a-csanadi-puspokseg-tortenete-1030-1242\/\"]}]},{\"@type\":\"WebSite\",\"@id\":\"http:\/\/szeged-csanad.hu\/leveltar\/#website\",\"url\":\"http:\/\/szeged-csanad.hu\/leveltar\/\",\"name\":\"Lev\u00e9lt\u00e1r\",\"description\":\"\",\"potentialAction\":[{\"@type\":\"SearchAction\",\"target\":{\"@type\":\"EntryPoint\",\"urlTemplate\":\"http:\/\/szeged-csanad.hu\/leveltar\/?s={search_term_string}\"},\"query-input\":\"required name=search_term_string\"}],\"inLanguage\":\"en-US\"}]}<\/script>\n<!-- \/ Yoast SEO plugin. -->","yoast_head_json":{"title":"Juh\u00e1sz K\u00e1lm\u00e1n: A csan\u00e1di p\u00fcsp\u00f6ks\u00e9g t\u00f6rt\u00e9nete 1030-1242 - Lev\u00e9lt\u00e1r","robots":{"index":"index","follow":"follow","max-snippet":"max-snippet:-1","max-image-preview":"max-image-preview:large","max-video-preview":"max-video-preview:-1"},"canonical":"http:\/\/szeged-csanad.hu\/leveltar\/juhasz-kalman-a-csanadi-puspokseg-tortenete-1030-1242\/","og_locale":"en_US","og_type":"article","og_title":"Juh\u00e1sz K\u00e1lm\u00e1n: A csan\u00e1di p\u00fcsp\u00f6ks\u00e9g t\u00f6rt\u00e9nete 1030-1242 - Lev\u00e9lt\u00e1r","og_url":"http:\/\/szeged-csanad.hu\/leveltar\/juhasz-kalman-a-csanadi-puspokseg-tortenete-1030-1242\/","og_site_name":"Lev\u00e9lt\u00e1r","twitter_card":"summary_large_image","twitter_misc":{"Est. reading time":"1 minute"},"schema":{"@context":"https:\/\/schema.org","@graph":[{"@type":"WebPage","@id":"http:\/\/szeged-csanad.hu\/leveltar\/juhasz-kalman-a-csanadi-puspokseg-tortenete-1030-1242\/","url":"http:\/\/szeged-csanad.hu\/leveltar\/juhasz-kalman-a-csanadi-puspokseg-tortenete-1030-1242\/","name":"Juh\u00e1sz K\u00e1lm\u00e1n: A csan\u00e1di p\u00fcsp\u00f6ks\u00e9g t\u00f6rt\u00e9nete 1030-1242 - Lev\u00e9lt\u00e1r","isPartOf":{"@id":"http:\/\/szeged-csanad.hu\/leveltar\/#website"},"datePublished":"2021-10-13T14:36:09+00:00","dateModified":"2021-10-13T14:36:09+00:00","inLanguage":"en-US","potentialAction":[{"@type":"ReadAction","target":["http:\/\/szeged-csanad.hu\/leveltar\/juhasz-kalman-a-csanadi-puspokseg-tortenete-1030-1242\/"]}]},{"@type":"WebSite","@id":"http:\/\/szeged-csanad.hu\/leveltar\/#website","url":"http:\/\/szeged-csanad.hu\/leveltar\/","name":"Lev\u00e9lt\u00e1r","description":"","potentialAction":[{"@type":"SearchAction","target":{"@type":"EntryPoint","urlTemplate":"http:\/\/szeged-csanad.hu\/leveltar\/?s={search_term_string}"},"query-input":"required name=search_term_string"}],"inLanguage":"en-US"}]}},"_links":{"self":[{"href":"https:\/\/szeged-csanad.hu\/leveltar\/wp-json\/wp\/v2\/pages\/15401"}],"collection":[{"href":"https:\/\/szeged-csanad.hu\/leveltar\/wp-json\/wp\/v2\/pages"}],"about":[{"href":"https:\/\/szeged-csanad.hu\/leveltar\/wp-json\/wp\/v2\/types\/page"}],"author":[{"embeddable":true,"href":"https:\/\/szeged-csanad.hu\/leveltar\/wp-json\/wp\/v2\/users\/1"}],"replies":[{"embeddable":true,"href":"https:\/\/szeged-csanad.hu\/leveltar\/wp-json\/wp\/v2\/comments?post=15401"}],"version-history":[{"count":1,"href":"https:\/\/szeged-csanad.hu\/leveltar\/wp-json\/wp\/v2\/pages\/15401\/revisions"}],"predecessor-version":[{"id":15402,"href":"https:\/\/szeged-csanad.hu\/leveltar\/wp-json\/wp\/v2\/pages\/15401\/revisions\/15402"}],"wp:attachment":[{"href":"https:\/\/szeged-csanad.hu\/leveltar\/wp-json\/wp\/v2\/media?parent=15401"}],"curies":[{"name":"wp","href":"https:\/\/api.w.org\/{rel}","templated":true}]}}