{"id":15,"date":"2021-04-01T05:44:27","date_gmt":"2021-04-01T05:44:27","guid":{"rendered":"http:\/\/szeged-csanad.hu\/leveltar\/?page_id=15"},"modified":"2026-01-22T13:59:48","modified_gmt":"2026-01-22T13:59:48","slug":"kapcsolat","status":"publish","type":"page","link":"https:\/\/szeged-csanad.hu\/leveltar\/kapcsolat\/","title":{"rendered":"Kapcsolat"},"content":{"rendered":"<p><strong>Szeged-Csan\u00e1di Egyh\u00e1zmegyei Lev\u00e9lt\u00e1r<\/strong><\/p>\n<p>6720 Szeged, Aradi v\u00e9rtan\u00fak tere 2.<\/p>\n<p>tel: 06 62 420-932\/151<\/p>\n<p>E-mail: <a href=\"mailto:leveltar@szeged-csanad.hu\">leveltar@szeged-csanad.hu<\/a><\/p>\n<p>Lev\u00e9lt\u00e1r vezet\u0151: Dr. Horv\u00e1th G\u00e1bor<\/p>\n<p>H\u00e9tf\u0151-kedd: 8-16<\/p>\n<p><iframe loading=\"lazy\" style=\"border: 1;\" src=\"https:\/\/www.google.com\/maps\/embed?pb=!1m18!1m12!1m3!1d1004.0843589466448!2d20.146520241170993!3d46.24762838559621!2m3!1f0!2f0!3f0!3m2!1i1024!2i768!4f13.1!3m3!1m2!1s0x4744886fe697698d%3A0xf4742c2f1e0a2478!2sSzeged%2C%20Aradi%20v%C3%A9rtan%C3%BAk%20tere%202%2C%206720!5e0!3m2!1shu!2shu!4v1619162303886!5m2!1shu!2shu\" width=\"640\" height=\"400\" allowfullscreen=\"allowfullscreen\"><\/iframe><\/p>\n","protected":false},"excerpt":{"rendered":"<p>Szeged-Csan\u00e1di Egyh\u00e1zmegyei Lev\u00e9lt\u00e1r 6720 Szeged, Aradi v\u00e9rtan\u00fak tere 2. tel: 06 62 420-932\/151 E-mail: leveltar@szeged-csanad.hu Lev\u00e9lt\u00e1r vezet\u0151: Dr. Horv\u00e1th G\u00e1bor H\u00e9tf\u0151-kedd: 8-16<\/p>\n","protected":false},"author":1,"featured_media":0,"parent":0,"menu_order":0,"comment_status":"closed","ping_status":"closed","template":"","meta":[],"yoast_head":"<!-- This site is optimized with the Yoast SEO plugin v19.9 - https:\/\/yoast.com\/wordpress\/plugins\/seo\/ -->\n<title>Kapcsolat - Lev\u00e9lt\u00e1r<\/title>\n<meta name=\"robots\" content=\"index, follow, max-snippet:-1, max-image-preview:large, max-video-preview:-1\" \/>\n<link rel=\"canonical\" href=\"https:\/\/szeged-csanad.hu\/leveltar\/kapcsolat\/\" \/>\n<meta property=\"og:locale\" content=\"en_US\" \/>\n<meta property=\"og:type\" content=\"article\" \/>\n<meta property=\"og:title\" content=\"Kapcsolat - Lev\u00e9lt\u00e1r\" \/>\n<meta property=\"og:description\" content=\"Szeged-Csan\u00e1di Egyh\u00e1zmegyei Lev\u00e9lt\u00e1r 6720 Szeged, Aradi v\u00e9rtan\u00fak tere 2. tel: 06 62 420-932\/151 E-mail: leveltar@szeged-csanad.hu Lev\u00e9lt\u00e1r vezet\u0151: Dr. Horv\u00e1th G\u00e1bor H\u00e9tf\u0151-kedd: 8-16\" \/>\n<meta property=\"og:url\" content=\"https:\/\/szeged-csanad.hu\/leveltar\/kapcsolat\/\" \/>\n<meta property=\"og:site_name\" content=\"Lev\u00e9lt\u00e1r\" \/>\n<meta property=\"article:modified_time\" content=\"2026-01-22T13:59:48+00:00\" \/>\n<meta name=\"twitter:card\" content=\"summary_large_image\" \/>\n<meta name=\"twitter:label1\" content=\"Est. reading time\" \/>\n\t<meta name=\"twitter:data1\" content=\"1 minute\" \/>\n<script type=\"application\/ld+json\" class=\"yoast-schema-graph\">{\"@context\":\"https:\/\/schema.org\",\"@graph\":[{\"@type\":\"WebPage\",\"@id\":\"https:\/\/szeged-csanad.hu\/leveltar\/kapcsolat\/\",\"url\":\"https:\/\/szeged-csanad.hu\/leveltar\/kapcsolat\/\",\"name\":\"Kapcsolat - Lev\u00e9lt\u00e1r\",\"isPartOf\":{\"@id\":\"http:\/\/szeged-csanad.hu\/leveltar\/#website\"},\"datePublished\":\"2021-04-01T05:44:27+00:00\",\"dateModified\":\"2026-01-22T13:59:48+00:00\",\"inLanguage\":\"en-US\",\"potentialAction\":[{\"@type\":\"ReadAction\",\"target\":[\"https:\/\/szeged-csanad.hu\/leveltar\/kapcsolat\/\"]}]},{\"@type\":\"WebSite\",\"@id\":\"http:\/\/szeged-csanad.hu\/leveltar\/#website\",\"url\":\"http:\/\/szeged-csanad.hu\/leveltar\/\",\"name\":\"Lev\u00e9lt\u00e1r\",\"description\":\"\",\"potentialAction\":[{\"@type\":\"SearchAction\",\"target\":{\"@type\":\"EntryPoint\",\"urlTemplate\":\"http:\/\/szeged-csanad.hu\/leveltar\/?s={search_term_string}\"},\"query-input\":\"required name=search_term_string\"}],\"inLanguage\":\"en-US\"}]}<\/script>\n<!-- \/ Yoast SEO plugin. -->","yoast_head_json":{"title":"Kapcsolat - Lev\u00e9lt\u00e1r","robots":{"index":"index","follow":"follow","max-snippet":"max-snippet:-1","max-image-preview":"max-image-preview:large","max-video-preview":"max-video-preview:-1"},"canonical":"https:\/\/szeged-csanad.hu\/leveltar\/kapcsolat\/","og_locale":"en_US","og_type":"article","og_title":"Kapcsolat - Lev\u00e9lt\u00e1r","og_description":"Szeged-Csan\u00e1di Egyh\u00e1zmegyei Lev\u00e9lt\u00e1r 6720 Szeged, Aradi v\u00e9rtan\u00fak tere 2. tel: 06 62 420-932\/151 E-mail: leveltar@szeged-csanad.hu Lev\u00e9lt\u00e1r vezet\u0151: Dr. Horv\u00e1th G\u00e1bor H\u00e9tf\u0151-kedd: 8-16","og_url":"https:\/\/szeged-csanad.hu\/leveltar\/kapcsolat\/","og_site_name":"Lev\u00e9lt\u00e1r","article_modified_time":"2026-01-22T13:59:48+00:00","twitter_card":"summary_large_image","twitter_misc":{"Est. reading time":"1 minute"},"schema":{"@context":"https:\/\/schema.org","@graph":[{"@type":"WebPage","@id":"https:\/\/szeged-csanad.hu\/leveltar\/kapcsolat\/","url":"https:\/\/szeged-csanad.hu\/leveltar\/kapcsolat\/","name":"Kapcsolat - Lev\u00e9lt\u00e1r","isPartOf":{"@id":"http:\/\/szeged-csanad.hu\/leveltar\/#website"},"datePublished":"2021-04-01T05:44:27+00:00","dateModified":"2026-01-22T13:59:48+00:00","inLanguage":"en-US","potentialAction":[{"@type":"ReadAction","target":["https:\/\/szeged-csanad.hu\/leveltar\/kapcsolat\/"]}]},{"@type":"WebSite","@id":"http:\/\/szeged-csanad.hu\/leveltar\/#website","url":"http:\/\/szeged-csanad.hu\/leveltar\/","name":"Lev\u00e9lt\u00e1r","description":"","potentialAction":[{"@type":"SearchAction","target":{"@type":"EntryPoint","urlTemplate":"http:\/\/szeged-csanad.hu\/leveltar\/?s={search_term_string}"},"query-input":"required name=search_term_string"}],"inLanguage":"en-US"}]}},"_links":{"self":[{"href":"https:\/\/szeged-csanad.hu\/leveltar\/wp-json\/wp\/v2\/pages\/15"}],"collection":[{"href":"https:\/\/szeged-csanad.hu\/leveltar\/wp-json\/wp\/v2\/pages"}],"about":[{"href":"https:\/\/szeged-csanad.hu\/leveltar\/wp-json\/wp\/v2\/types\/page"}],"author":[{"embeddable":true,"href":"https:\/\/szeged-csanad.hu\/leveltar\/wp-json\/wp\/v2\/users\/1"}],"replies":[{"embeddable":true,"href":"https:\/\/szeged-csanad.hu\/leveltar\/wp-json\/wp\/v2\/comments?post=15"}],"version-history":[{"count":11,"href":"https:\/\/szeged-csanad.hu\/leveltar\/wp-json\/wp\/v2\/pages\/15\/revisions"}],"predecessor-version":[{"id":15543,"href":"https:\/\/szeged-csanad.hu\/leveltar\/wp-json\/wp\/v2\/pages\/15\/revisions\/15543"}],"wp:attachment":[{"href":"https:\/\/szeged-csanad.hu\/leveltar\/wp-json\/wp\/v2\/media?parent=15"}],"curies":[{"name":"wp","href":"https:\/\/api.w.org\/{rel}","templated":true}]}}