{"id":14578,"date":"2021-05-25T16:45:42","date_gmt":"2021-05-25T16:45:42","guid":{"rendered":"http:\/\/szeged-csanad.hu\/leveltar\/?page_id=14578"},"modified":"2021-05-25T17:05:57","modified_gmt":"2021-05-25T17:05:57","slug":"dr-pal-jozsef-publikacioi","status":"publish","type":"page","link":"https:\/\/szeged-csanad.hu\/leveltar\/dr-pal-jozsef-publikacioi\/","title":{"rendered":"Dr. P\u00e1l J\u00f3zsef publik\u00e1ci\u00f3i"},"content":{"rendered":"<p>I. Katolikus papi b\u00e9kemozgalommal kapcsolatos publik\u00e1ci\u00f3i<\/p>\n<ol>\n<li>B\u00e9kepapok. D\u00e9lmagyarorsz\u00e1g 1990.aug.4.<\/li>\n<li>1956 \u00e9s a b\u00e9kepapok. D\u00e9lmagyarorsz\u00e1g 1990.dec.1.<\/li>\n<li>B\u00e9kepapok feloldoz\u00e1sa. D\u00e9lmagyarorsz\u00e1g 1990.dec.15.<\/li>\n<li>A katolikus papi b\u00e9kemozgalom 1956 ut\u00e1ni \u00fajj\u00e1alak\u00edt\u00e1sa. D\u00e9lmagyarorsz\u00e1g 1991.m\u00e1rc.2.<\/li>\n<li>Az \u00fajj\u00e1alak\u00edt\u00e1s visszhangja. D\u00e9lmagyarorsz\u00e1g 1991.m\u00e1rc.15.<\/li>\n<li>Az isteni b\u00e9keharc. Interpress Magazin 1991.\u00e1pr. 36-41.old.<\/li>\n<li>Ut\u00f3lag egy \u201emozgalomhoz\u201d. KPOB, Opus Pacis, OBKB b\u00e9kem\u0171 Magyarorsz\u00e1g 1991m\u00e1j.24.<\/li>\n<li>A magyarorsz\u00e1gi katolikus egyh\u00e1z \u00e9s a nemzetk\u00f6zi b\u00e9kemozgalom (1948-56)\u00a0 Hitel 1991. m\u00e1j.29.<\/li>\n<li>A b\u00e9kepapok ki\u00e1tkoz\u00e1sa \u00e9s feloldoz\u00e1sa. Egyh\u00e1zf\u00f3rum 1991. 14. sz. 90-116.old.<\/li>\n<li>B\u00e9kepapok Csongr\u00e1d megy\u00e9ben. D\u00e9lmagyarorsz\u00e1g 1991 nov.9.<\/li>\n<li>A b\u00e9kepap mozgalom beind\u00edt\u00e1sa 1951-ben B\u00e9k\u00e9s megy\u00e9ben. B\u00e9k\u00e9s megyei H\u00edrlap 1991 nov.28.<\/li>\n<li>A katolikus papi b\u00e9kemozgalom B\u00e9k\u00e9s megy\u00e9ben (1951-56) ?: Alf\u00f6ldi T\u00e1rsadalom. 1994 V.k\u00f6tet MTA Region\u00e1lis Kutat\u00e1sok K\u00f6zpontja Alf\u00f6ldi Tudom\u00e1nyos Int\u00e9zet B\u00e9k\u00e9scsabai Oszt\u00e1ly\u00a0 B\u00e9k\u00e9scsaba 1994, 37-71. old.<\/li>\n<li>B\u00e9kepapok . Egyh\u00e1zf\u00f3rum Kiad\u00f3, 1995, 265.old.<\/li>\n<\/ol>\n<p>II. Csan\u00e1d egyh\u00e1zmegye p\u00fcsp\u00f6kei az \u00fcld\u00f6z\u00f6ttek\u00e9rt<\/p>\n<ol>\n<li>A Mindszenty-\u00fcgyre visszan\u00e9zve I-V. r\u00e9sz D\u00e9lmagyarorsz\u00e1g 1990.febr.28, m\u00e1rc. 1., m\u00e1rc2., m\u00e1rc. 3.<\/li>\n<li>Hamvas Endre a szegedi zsid\u00f3s\u00e1g deport\u00e1l\u00e1sa ellen.\u00a0\u00a0 Szegedi K\u00f6nyvt\u00e1ri M\u0171hely 1986. 1-2 sz. 1-48. old. Menorah (\u00c9szakamerikai Magyar Zsid\u00f3s\u00e1g Lapja 1987.j\u00fal.3-t\u00f3l 5.r\u00e9szben k\u00f6zli)<\/li>\n<li>Glattfelder Gyula \u00e9s az 1938-39-i zsid\u00f3t\u00f6rv\u00e9nyek. In: Igazs\u00e1got-szeretettel. Glattfelder Gyula \u00e9lete \u00e9s munk\u00e1ss\u00e1ga. Szerk:Zombori Istv\u00e1n, Bp.-Szeged, 1995. 49-103<\/li>\n<li>Hamvas Endre csan\u00e1di p\u00fcsp\u00f6k a konvertit\u00e1k megment\u00e9s\u00e9\u00e9rt. In: Alf\u00f6ldi T\u00e1rsadalom 1992. III.k\u00f6tet. MTA Region\u00e1lis Kutat\u00e1sok K\u00f6zpontja Alf\u00f6ldi Tudom\u00e1nyos Int\u00e9zet B\u00e9k\u00e9scsabai Oszt\u00e1ly\u00a0 B\u00e9k\u00e9scsaba\u00a0 1992. 34-56. old.<\/li>\n<li>Hamvas Endre \u00e9s a hazai n\u00e9mets\u00e9g. Szeged, 1992. VI. sz\u00e1m<\/li>\n<li>Hamvas Endre csan\u00e1di p\u00fcsp\u00f6k \u00e9s a civil hadifoglyok (1944-45) Szeged, 1992. VI. sz\u00e1m.<\/li>\n<li>A m\u00e1sodik zsid\u00f3t\u00f6rv\u00e9ny idej\u00e9n. Hevesi S\u00e1ndor levele Glattfelder Gyula p\u00fcsp\u00f6kh\u00f6z. Heti Magyarorsz\u00e1g 1992. j\u00fan.19.<\/li>\n<li>A St\u00fcrmer t\u00e1mad\u00e1sa a p\u00fcsp\u00f6ki kar ellen. Vigilia 1992. 7.sz. 508-513.<\/li>\n<li>A korm\u00e1nynak nincs hatalma. Hamvas Endre csan\u00e1di p\u00fcsp\u00f6k \u00e9s a civil hadifoglyok. Heti Magyarorsz\u00e1g 1992. dec.25.<\/li>\n<li>Hamvas Endre csan\u00e1di p\u00fcsp\u00f6k \u00e9s a magyarorsz\u00e1gi n\u00e9metek kitelep\u00edt\u00e9se. Szegedi M\u0171hely 1993. 1-4. sz. 83-120.old.<\/li>\n<li>Hamvas p\u00fcsp\u00f6k \u00e9s a n\u00e9metek kitelep\u00edt\u00e9se. Magyar Szemle 1993. dec.1298-1309.old.<\/li>\n<li>Hamvas Endre \u00e9s a felvid\u00e9ki magyarok 1945-48. Magyar Szemle 1994. szept. 990-1000. old.<\/li>\n<li>Az \u00fcld\u00f6ztet\u00e9s dics\u0151s\u00e9ge\u2026.( \u00dcld\u00f6z\u00f6tt papok Csan\u00e1d egyh\u00e1zmegy\u00e9ben 1945-ben) r\u00e9sz.\u00a0 Szeged, 1995. III.<\/li>\n<li>Az \u00fcld\u00f6z\u00e9s dics\u0151s\u00e9ge\u2026II. r\u00e9sz IV.<\/li>\n<li>Hamvas Endre \u00e9s a magyarorsz\u00e1gi n\u00e9mets\u00e9g elhurcol\u00e1sa. Vigilia 1995. 6. sz\u00e1m 415-426. old.<\/li>\n<li>Hamvas Endre csan\u00e1di p\u00fcsp\u00f6k \u00fcld\u00f6z\u00f6tt papjai\u00e9rt 1945. Szeged, 1996.VI.<\/li>\n<li>\u00dcld\u00f6z\u00f6tt papok Csan\u00e1d egyh\u00e1zmegy\u00e9ben. 1946. 1. r\u00e9sz. Szeged, 1996. XI.<\/li>\n<li>\u00dcld\u00f6z\u00f6tt papok Csan\u00e1d egyh\u00e1zmegy\u00e9ben. 1946. 2. r\u00e9sz. Szeged, 1996. XII.<\/li>\n<li>\u00dcld\u00f6z\u00f6tt papok Csan\u00e1d egyh\u00e1zmegy\u00e9ben. 1946. 3. r\u00e9sz. Szeged, 1997. II<\/li>\n<li>Hamvas Endre csan\u00e1di p\u00fcsp\u00f6k \u00e9s a felvid\u00e9ki magyarok 1945-48. Szegedi M\u0171hely 1993-94. \u00e9vf. 1-4. sz. 93-107. old.<\/li>\n<li>\u00dcld\u00f6z\u00f6tt papok Csan\u00e1d egyh\u00e1zmegy\u00e9ben -1947. Szeged, 1997. XI.<\/li>\n<li>Gr\u00f3f Klebelsberg K\u00fan\u00f3n\u00e9 \u00f6zvegyi nyugd\u00edja. \u00daj Ember 1997. aug.17.<\/li>\n<li>A lelkiismeret szavai az igazs\u00e1gtalans\u00e1gok ellen ( Csan\u00e1di p\u00fcsp\u00f6k\u00f6k a Falta csal\u00e1d\u00e9rt) Szeged, 1998. X.<\/li>\n<li>Csasztuska a D\u00f6rm\u00f6g\u0151ben- (\u00dcld\u00f6z\u00f6tt papok Csan\u00e1d egyh\u00e1zmegy\u00e9ben-1948) Szeged, 1998. II.<\/li>\n<\/ol>\n<p>III. Katolikus egyletek, egyes\u00fcletek szoci\u00e1lpolitikai tev\u00e9kenys\u00e9ge<\/p>\n<ol>\n<li>A Szegedi Szent Vince Egyes\u00fclet. Szeged, 1992. VII.sz.<\/li>\n<li>Az \u00dajszegedi Szent Vince Egyes\u00fclet. Szeged, 1992. VIII.<\/li>\n<li>Szegedi Katolikus N\u0151v\u00e9d\u0151 Egyes\u00fclet(1919-45) Szeged, 1993. V.<\/li>\n<li>Szent J\u00f3zsef Akci\u00f3 Szeged, 1993. XII.sz.<\/li>\n<li>Szent Antal kenyere Szegedi Napl\u00f3\u00a0 ,1995. j\u00fan.10.<\/li>\n<li>Assisi Szent Kl\u00e1ra a telev\u00edzi\u00f3 v\u00e9d\u0151szentje Szegedi Napl\u00f3, 1995. aug.12.<\/li>\n<li>Ferences Harmadik Rend Szegeden (1919-44) K\u00c9SZ \u00e9s Magyar Egyh\u00e1zt\u00f6rt\u00e9neti Enciklop\u00e9dia Munkak\u00f6z\u00f6ss\u00e9g Szeged-Budapest 1996.\u00a0 old.<\/li>\n<li>A fels\u0151v\u00e1rosi Szent Ter\u00e9z Akci\u00f3 Szeged, 1997. VIII. sz..<\/li>\n<li>Kis Szent Ter\u00e9z Le\u00e1nyk\u00f6r Szeged-Als\u00f3v\u00e1roson\u00a0 Szeged, 1887. IX.<\/li>\n<li>Az \u00e1ldozatos szeretet mindent megszentel ( Salvatore n\u0151v\u00e9rek a gyermekklinik\u00e1n 1919-32) Szeged, 1998.XI.sz.<\/li>\n<li>Szerzetesn\u0151v\u00e9rek a Szegedi Ferenc J\u00f3zsef Tudom\u00e1nyegyetem Gyermekgy\u00f3gy\u00e1szati Klinik\u00e1j\u00e1n (1929-32) Pedi\u00e1ter 1998. 1. sz. 79-83.old.<\/li>\n<li>A Szent Vince Szeretet Egyes\u00fclet tev\u00e9kenys\u00e9ge Szegeden \u00e9s \u00dajszegeden. M\u00f3ra Ferenc M\u00fazeum \u00c9vk\u00f6nyve, 2000. 3. sz. 205-256.old.<\/li>\n<li>Szegedi Katolikus N\u0151v\u00e9d\u0151 Egyes\u00fclet (1909-1918) M\u00f3ra Ferenc M\u00fazeum \u00e9vk\u00f6nyve Szeged, 2001. 4. sz. 155-204.old.<\/li>\n<li>A Szegedi Boronei Szent K\u00e1roly Irgalomh\u00e1z t\u00f6rt\u00e9nete (1929-1951) M\u00f3ra Ferenc M\u00fazeum \u00e9vk\u00f6nyve, Szeged, 1999. 495-547.old.<\/li>\n<li>A szegedi Eg\u00e9szs\u00e9g\u00fcgyi Gyermekotthon 70 \u00e9ve. Pedi\u00e1ter, 1999. \u00e9vf.1. sz. 101-109. old.<\/li>\n<li>P\u00e9nzben ki nem fejezhet\u0151 seg\u00edt\u0151k\u00e9szs\u00e9g (\u00dajszegedi Szent Vince Szeretet Egyes\u00fclet tev\u00e9kenys\u00e9ge 1945-48) Szeged, 2002. II. sz.<\/li>\n<\/ol>\n<p>IV. Egyh\u00e1zt\u00f6rt\u00e9net, vegyes.<\/p>\n<ol>\n<li>Egyh\u00e1z \u00e9s \u00e1llam 1956 ut\u00e1n. Magyar Nemzet 1990. dec.17.<\/li>\n<li>A katolikus egyh\u00e1z Szegeden az orsz\u00e1g felszabad\u00edt\u00e1s\u00e1nak id\u0151szak\u00e1ban (1944 szept.-1945 \u00e1pr.) In: Tanulm\u00e1nyok Csongr\u00e1d megye t\u00f6rt\u00e9net\u00e9b\u0151l XII.\u00a0\u00a0 Szeged, 1987. 159-182. old.<\/li>\n<li>A Hitvall\u00e1s t\u00f6rt\u00e9nete. Szegedi K\u00f6nyvt\u00e1ri M\u0171hely 1987-89.\u00a0 1-4 sz. 80-115. old.<\/li>\n<li>Zadravecz Istv\u00e1n \u00e9s Szeged. Szeged, 1992. I. sz.<\/li>\n<li>Sz\u00e1z \u00e9ve sz\u00fcletett Mindszenty J\u00f3zsef. \u00c9let\u00e9nek szegedi vonatkoz\u00e1sai. Szeged, 1992. III.sz.<\/li>\n<li>\u201eAz \u00e1ldozatos anyai sz\u00edvek b\u00e1tor\u00edt\u00e1sa\u201d ( Katolikus k\u00e1polna a n\u0151i klinik\u00e1n ) Szeged, 2000.I. sz.<\/li>\n<\/ol>\n","protected":false},"excerpt":{"rendered":"<p>I. Katolikus papi b\u00e9kemozgalommal kapcsolatos publik\u00e1ci\u00f3i B\u00e9kepapok. D\u00e9lmagyarorsz\u00e1g 1990.aug.4. 1956 \u00e9s a b\u00e9kepapok. D\u00e9lmagyarorsz\u00e1g 1990.dec.1. B\u00e9kepapok feloldoz\u00e1sa. D\u00e9lmagyarorsz\u00e1g 1990.dec.15. A katolikus papi b\u00e9kemozgalom 1956 ut\u00e1ni \u00fajj\u00e1alak\u00edt\u00e1sa. D\u00e9lmagyarorsz\u00e1g 1991.m\u00e1rc.2. Az \u00fajj\u00e1alak\u00edt\u00e1s [&hellip;]<\/p>\n","protected":false},"author":1,"featured_media":0,"parent":0,"menu_order":0,"comment_status":"closed","ping_status":"closed","template":"","meta":[],"yoast_head":"<!-- This site is optimized with the Yoast SEO plugin v19.9 - https:\/\/yoast.com\/wordpress\/plugins\/seo\/ -->\n<title>Dr. P\u00e1l J\u00f3zsef publik\u00e1ci\u00f3i - Lev\u00e9lt\u00e1r<\/title>\n<meta name=\"robots\" content=\"index, follow, max-snippet:-1, max-image-preview:large, max-video-preview:-1\" \/>\n<link rel=\"canonical\" href=\"http:\/\/szeged-csanad.hu\/leveltar\/dr-pal-jozsef-publikacioi\/\" \/>\n<meta property=\"og:locale\" content=\"en_US\" \/>\n<meta property=\"og:type\" content=\"article\" \/>\n<meta property=\"og:title\" content=\"Dr. P\u00e1l J\u00f3zsef publik\u00e1ci\u00f3i - Lev\u00e9lt\u00e1r\" \/>\n<meta property=\"og:description\" content=\"I. Katolikus papi b\u00e9kemozgalommal kapcsolatos publik\u00e1ci\u00f3i B\u00e9kepapok. D\u00e9lmagyarorsz\u00e1g 1990.aug.4. 1956 \u00e9s a b\u00e9kepapok. D\u00e9lmagyarorsz\u00e1g 1990.dec.1. B\u00e9kepapok feloldoz\u00e1sa. D\u00e9lmagyarorsz\u00e1g 1990.dec.15. A katolikus papi b\u00e9kemozgalom 1956 ut\u00e1ni \u00fajj\u00e1alak\u00edt\u00e1sa. D\u00e9lmagyarorsz\u00e1g 1991.m\u00e1rc.2. Az \u00fajj\u00e1alak\u00edt\u00e1s [&hellip;]\" \/>\n<meta property=\"og:url\" content=\"http:\/\/szeged-csanad.hu\/leveltar\/dr-pal-jozsef-publikacioi\/\" \/>\n<meta property=\"og:site_name\" content=\"Lev\u00e9lt\u00e1r\" \/>\n<meta property=\"article:modified_time\" content=\"2021-05-25T17:05:57+00:00\" \/>\n<meta name=\"twitter:card\" content=\"summary_large_image\" \/>\n<meta name=\"twitter:label1\" content=\"Est. reading time\" \/>\n\t<meta name=\"twitter:data1\" content=\"4 minutes\" \/>\n<script type=\"application\/ld+json\" class=\"yoast-schema-graph\">{\"@context\":\"https:\/\/schema.org\",\"@graph\":[{\"@type\":\"WebPage\",\"@id\":\"http:\/\/szeged-csanad.hu\/leveltar\/dr-pal-jozsef-publikacioi\/\",\"url\":\"http:\/\/szeged-csanad.hu\/leveltar\/dr-pal-jozsef-publikacioi\/\",\"name\":\"Dr. P\u00e1l J\u00f3zsef publik\u00e1ci\u00f3i - Lev\u00e9lt\u00e1r\",\"isPartOf\":{\"@id\":\"http:\/\/szeged-csanad.hu\/leveltar\/#website\"},\"datePublished\":\"2021-05-25T16:45:42+00:00\",\"dateModified\":\"2021-05-25T17:05:57+00:00\",\"inLanguage\":\"en-US\",\"potentialAction\":[{\"@type\":\"ReadAction\",\"target\":[\"http:\/\/szeged-csanad.hu\/leveltar\/dr-pal-jozsef-publikacioi\/\"]}]},{\"@type\":\"WebSite\",\"@id\":\"http:\/\/szeged-csanad.hu\/leveltar\/#website\",\"url\":\"http:\/\/szeged-csanad.hu\/leveltar\/\",\"name\":\"Lev\u00e9lt\u00e1r\",\"description\":\"\",\"potentialAction\":[{\"@type\":\"SearchAction\",\"target\":{\"@type\":\"EntryPoint\",\"urlTemplate\":\"http:\/\/szeged-csanad.hu\/leveltar\/?s={search_term_string}\"},\"query-input\":\"required name=search_term_string\"}],\"inLanguage\":\"en-US\"}]}<\/script>\n<!-- \/ Yoast SEO plugin. -->","yoast_head_json":{"title":"Dr. P\u00e1l J\u00f3zsef publik\u00e1ci\u00f3i - Lev\u00e9lt\u00e1r","robots":{"index":"index","follow":"follow","max-snippet":"max-snippet:-1","max-image-preview":"max-image-preview:large","max-video-preview":"max-video-preview:-1"},"canonical":"http:\/\/szeged-csanad.hu\/leveltar\/dr-pal-jozsef-publikacioi\/","og_locale":"en_US","og_type":"article","og_title":"Dr. P\u00e1l J\u00f3zsef publik\u00e1ci\u00f3i - Lev\u00e9lt\u00e1r","og_description":"I. Katolikus papi b\u00e9kemozgalommal kapcsolatos publik\u00e1ci\u00f3i B\u00e9kepapok. D\u00e9lmagyarorsz\u00e1g 1990.aug.4. 1956 \u00e9s a b\u00e9kepapok. D\u00e9lmagyarorsz\u00e1g 1990.dec.1. B\u00e9kepapok feloldoz\u00e1sa. D\u00e9lmagyarorsz\u00e1g 1990.dec.15. A katolikus papi b\u00e9kemozgalom 1956 ut\u00e1ni \u00fajj\u00e1alak\u00edt\u00e1sa. D\u00e9lmagyarorsz\u00e1g 1991.m\u00e1rc.2. Az \u00fajj\u00e1alak\u00edt\u00e1s [&hellip;]","og_url":"http:\/\/szeged-csanad.hu\/leveltar\/dr-pal-jozsef-publikacioi\/","og_site_name":"Lev\u00e9lt\u00e1r","article_modified_time":"2021-05-25T17:05:57+00:00","twitter_card":"summary_large_image","twitter_misc":{"Est. reading time":"4 minutes"},"schema":{"@context":"https:\/\/schema.org","@graph":[{"@type":"WebPage","@id":"http:\/\/szeged-csanad.hu\/leveltar\/dr-pal-jozsef-publikacioi\/","url":"http:\/\/szeged-csanad.hu\/leveltar\/dr-pal-jozsef-publikacioi\/","name":"Dr. P\u00e1l J\u00f3zsef publik\u00e1ci\u00f3i - Lev\u00e9lt\u00e1r","isPartOf":{"@id":"http:\/\/szeged-csanad.hu\/leveltar\/#website"},"datePublished":"2021-05-25T16:45:42+00:00","dateModified":"2021-05-25T17:05:57+00:00","inLanguage":"en-US","potentialAction":[{"@type":"ReadAction","target":["http:\/\/szeged-csanad.hu\/leveltar\/dr-pal-jozsef-publikacioi\/"]}]},{"@type":"WebSite","@id":"http:\/\/szeged-csanad.hu\/leveltar\/#website","url":"http:\/\/szeged-csanad.hu\/leveltar\/","name":"Lev\u00e9lt\u00e1r","description":"","potentialAction":[{"@type":"SearchAction","target":{"@type":"EntryPoint","urlTemplate":"http:\/\/szeged-csanad.hu\/leveltar\/?s={search_term_string}"},"query-input":"required name=search_term_string"}],"inLanguage":"en-US"}]}},"_links":{"self":[{"href":"https:\/\/szeged-csanad.hu\/leveltar\/wp-json\/wp\/v2\/pages\/14578"}],"collection":[{"href":"https:\/\/szeged-csanad.hu\/leveltar\/wp-json\/wp\/v2\/pages"}],"about":[{"href":"https:\/\/szeged-csanad.hu\/leveltar\/wp-json\/wp\/v2\/types\/page"}],"author":[{"embeddable":true,"href":"https:\/\/szeged-csanad.hu\/leveltar\/wp-json\/wp\/v2\/users\/1"}],"replies":[{"embeddable":true,"href":"https:\/\/szeged-csanad.hu\/leveltar\/wp-json\/wp\/v2\/comments?post=14578"}],"version-history":[{"count":7,"href":"https:\/\/szeged-csanad.hu\/leveltar\/wp-json\/wp\/v2\/pages\/14578\/revisions"}],"predecessor-version":[{"id":14586,"href":"https:\/\/szeged-csanad.hu\/leveltar\/wp-json\/wp\/v2\/pages\/14578\/revisions\/14586"}],"wp:attachment":[{"href":"https:\/\/szeged-csanad.hu\/leveltar\/wp-json\/wp\/v2\/media?parent=14578"}],"curies":[{"name":"wp","href":"https:\/\/api.w.org\/{rel}","templated":true}]}}