{"id":14568,"date":"2021-05-25T11:19:13","date_gmt":"2021-05-25T11:19:13","guid":{"rendered":"http:\/\/szeged-csanad.hu\/leveltar\/?page_id=14568"},"modified":"2021-05-25T16:37:29","modified_gmt":"2021-05-25T16:37:29","slug":"dr-kovacs-jozsef-konyvei","status":"publish","type":"page","link":"https:\/\/szeged-csanad.hu\/leveltar\/dr-kovacs-jozsef-konyvei\/","title":{"rendered":"Dr. Kov\u00e1cs J\u00f3zsef k\u00f6nyvei"},"content":{"rendered":"<p style=\"padding-left: 80px;\">Kov\u00e1cs J\u00f3zsef:\u00a0 A kun\u00e1gotai katolikus egyh\u00e1zk\u00f6zs\u00e9g t\u00f6rt\u00e9nete (1843-1993) , Szeged, 1994<\/p>\n<p style=\"padding-left: 80px;\">Kov\u00e1cs J\u00f3zsef: A gyulai r\u00f3mai katolikus esperes ker\u00fclet t\u00f6rt\u00e9nete, Gyula, 2001<\/p>\n<p style=\"padding-left: 80px;\">Kov\u00e1cs J\u00f3zsef: Visitatio Canonica a gyulai pl\u00e9b\u00e1ni\u00e1n (1715-1993), Gerhardus kiad\u00f3, 2011<\/p>\n<p style=\"padding-left: 80px;\">Kov\u00e1cs J\u00f3zsef: Kun\u00e1gota elnevez\u00e9s\u00e9r\u0151l \u00e9s alap\u00edt\u00e1s\u00e1nak \u00e9v\u00e9r\u0151l, Szeged, 2011<\/p>\n<p style=\"padding-left: 80px;\">Kov\u00e1cs J\u00f3zsef: Ge\u00f6cztelep (Kun\u00e1gota) alap\u00edt\u00e1s\u00e1nak \u00e9v\u00e9r\u0151l, Szeged, 2018.<\/p>\n<p style=\"padding-left: 80px;\">Kov\u00e1cs J\u00f3zsef: A 150 \u00e9ves Kun\u00e1gotai Szent Imre Templom, Szeged, 2020<\/p>\n","protected":false},"excerpt":{"rendered":"<p>Kov\u00e1cs J\u00f3zsef:\u00a0 A kun\u00e1gotai katolikus egyh\u00e1zk\u00f6zs\u00e9g t\u00f6rt\u00e9nete (1843-1993) , Szeged, 1994 Kov\u00e1cs J\u00f3zsef: A gyulai r\u00f3mai katolikus esperes ker\u00fclet t\u00f6rt\u00e9nete, Gyula, 2001 Kov\u00e1cs J\u00f3zsef: Visitatio Canonica a gyulai pl\u00e9b\u00e1ni\u00e1n (1715-1993), [&hellip;]<\/p>\n","protected":false},"author":1,"featured_media":0,"parent":0,"menu_order":0,"comment_status":"closed","ping_status":"closed","template":"","meta":[],"yoast_head":"<!-- This site is optimized with the Yoast SEO plugin v19.9 - https:\/\/yoast.com\/wordpress\/plugins\/seo\/ -->\n<title>Dr. Kov\u00e1cs J\u00f3zsef k\u00f6nyvei - Lev\u00e9lt\u00e1r<\/title>\n<meta name=\"robots\" content=\"index, follow, max-snippet:-1, max-image-preview:large, max-video-preview:-1\" \/>\n<link rel=\"canonical\" href=\"http:\/\/szeged-csanad.hu\/leveltar\/dr-kovacs-jozsef-konyvei\/\" \/>\n<meta property=\"og:locale\" content=\"en_US\" \/>\n<meta property=\"og:type\" content=\"article\" \/>\n<meta property=\"og:title\" content=\"Dr. Kov\u00e1cs J\u00f3zsef k\u00f6nyvei - Lev\u00e9lt\u00e1r\" \/>\n<meta property=\"og:description\" content=\"Kov\u00e1cs J\u00f3zsef:\u00a0 A kun\u00e1gotai katolikus egyh\u00e1zk\u00f6zs\u00e9g t\u00f6rt\u00e9nete (1843-1993) , Szeged, 1994 Kov\u00e1cs J\u00f3zsef: A gyulai r\u00f3mai katolikus esperes ker\u00fclet t\u00f6rt\u00e9nete, Gyula, 2001 Kov\u00e1cs J\u00f3zsef: Visitatio Canonica a gyulai pl\u00e9b\u00e1ni\u00e1n (1715-1993), [&hellip;]\" \/>\n<meta property=\"og:url\" content=\"http:\/\/szeged-csanad.hu\/leveltar\/dr-kovacs-jozsef-konyvei\/\" \/>\n<meta property=\"og:site_name\" content=\"Lev\u00e9lt\u00e1r\" \/>\n<meta property=\"article:modified_time\" content=\"2021-05-25T16:37:29+00:00\" \/>\n<meta name=\"twitter:card\" content=\"summary_large_image\" \/>\n<meta name=\"twitter:label1\" content=\"Est. reading time\" \/>\n\t<meta name=\"twitter:data1\" content=\"1 minute\" \/>\n<script type=\"application\/ld+json\" class=\"yoast-schema-graph\">{\"@context\":\"https:\/\/schema.org\",\"@graph\":[{\"@type\":\"WebPage\",\"@id\":\"http:\/\/szeged-csanad.hu\/leveltar\/dr-kovacs-jozsef-konyvei\/\",\"url\":\"http:\/\/szeged-csanad.hu\/leveltar\/dr-kovacs-jozsef-konyvei\/\",\"name\":\"Dr. Kov\u00e1cs J\u00f3zsef k\u00f6nyvei - Lev\u00e9lt\u00e1r\",\"isPartOf\":{\"@id\":\"http:\/\/szeged-csanad.hu\/leveltar\/#website\"},\"datePublished\":\"2021-05-25T11:19:13+00:00\",\"dateModified\":\"2021-05-25T16:37:29+00:00\",\"inLanguage\":\"en-US\",\"potentialAction\":[{\"@type\":\"ReadAction\",\"target\":[\"http:\/\/szeged-csanad.hu\/leveltar\/dr-kovacs-jozsef-konyvei\/\"]}]},{\"@type\":\"WebSite\",\"@id\":\"http:\/\/szeged-csanad.hu\/leveltar\/#website\",\"url\":\"http:\/\/szeged-csanad.hu\/leveltar\/\",\"name\":\"Lev\u00e9lt\u00e1r\",\"description\":\"\",\"potentialAction\":[{\"@type\":\"SearchAction\",\"target\":{\"@type\":\"EntryPoint\",\"urlTemplate\":\"http:\/\/szeged-csanad.hu\/leveltar\/?s={search_term_string}\"},\"query-input\":\"required name=search_term_string\"}],\"inLanguage\":\"en-US\"}]}<\/script>\n<!-- \/ Yoast SEO plugin. -->","yoast_head_json":{"title":"Dr. Kov\u00e1cs J\u00f3zsef k\u00f6nyvei - Lev\u00e9lt\u00e1r","robots":{"index":"index","follow":"follow","max-snippet":"max-snippet:-1","max-image-preview":"max-image-preview:large","max-video-preview":"max-video-preview:-1"},"canonical":"http:\/\/szeged-csanad.hu\/leveltar\/dr-kovacs-jozsef-konyvei\/","og_locale":"en_US","og_type":"article","og_title":"Dr. Kov\u00e1cs J\u00f3zsef k\u00f6nyvei - Lev\u00e9lt\u00e1r","og_description":"Kov\u00e1cs J\u00f3zsef:\u00a0 A kun\u00e1gotai katolikus egyh\u00e1zk\u00f6zs\u00e9g t\u00f6rt\u00e9nete (1843-1993) , Szeged, 1994 Kov\u00e1cs J\u00f3zsef: A gyulai r\u00f3mai katolikus esperes ker\u00fclet t\u00f6rt\u00e9nete, Gyula, 2001 Kov\u00e1cs J\u00f3zsef: Visitatio Canonica a gyulai pl\u00e9b\u00e1ni\u00e1n (1715-1993), [&hellip;]","og_url":"http:\/\/szeged-csanad.hu\/leveltar\/dr-kovacs-jozsef-konyvei\/","og_site_name":"Lev\u00e9lt\u00e1r","article_modified_time":"2021-05-25T16:37:29+00:00","twitter_card":"summary_large_image","twitter_misc":{"Est. reading time":"1 minute"},"schema":{"@context":"https:\/\/schema.org","@graph":[{"@type":"WebPage","@id":"http:\/\/szeged-csanad.hu\/leveltar\/dr-kovacs-jozsef-konyvei\/","url":"http:\/\/szeged-csanad.hu\/leveltar\/dr-kovacs-jozsef-konyvei\/","name":"Dr. Kov\u00e1cs J\u00f3zsef k\u00f6nyvei - Lev\u00e9lt\u00e1r","isPartOf":{"@id":"http:\/\/szeged-csanad.hu\/leveltar\/#website"},"datePublished":"2021-05-25T11:19:13+00:00","dateModified":"2021-05-25T16:37:29+00:00","inLanguage":"en-US","potentialAction":[{"@type":"ReadAction","target":["http:\/\/szeged-csanad.hu\/leveltar\/dr-kovacs-jozsef-konyvei\/"]}]},{"@type":"WebSite","@id":"http:\/\/szeged-csanad.hu\/leveltar\/#website","url":"http:\/\/szeged-csanad.hu\/leveltar\/","name":"Lev\u00e9lt\u00e1r","description":"","potentialAction":[{"@type":"SearchAction","target":{"@type":"EntryPoint","urlTemplate":"http:\/\/szeged-csanad.hu\/leveltar\/?s={search_term_string}"},"query-input":"required name=search_term_string"}],"inLanguage":"en-US"}]}},"_links":{"self":[{"href":"https:\/\/szeged-csanad.hu\/leveltar\/wp-json\/wp\/v2\/pages\/14568"}],"collection":[{"href":"https:\/\/szeged-csanad.hu\/leveltar\/wp-json\/wp\/v2\/pages"}],"about":[{"href":"https:\/\/szeged-csanad.hu\/leveltar\/wp-json\/wp\/v2\/types\/page"}],"author":[{"embeddable":true,"href":"https:\/\/szeged-csanad.hu\/leveltar\/wp-json\/wp\/v2\/users\/1"}],"replies":[{"embeddable":true,"href":"https:\/\/szeged-csanad.hu\/leveltar\/wp-json\/wp\/v2\/comments?post=14568"}],"version-history":[{"count":4,"href":"https:\/\/szeged-csanad.hu\/leveltar\/wp-json\/wp\/v2\/pages\/14568\/revisions"}],"predecessor-version":[{"id":14577,"href":"https:\/\/szeged-csanad.hu\/leveltar\/wp-json\/wp\/v2\/pages\/14568\/revisions\/14577"}],"wp:attachment":[{"href":"https:\/\/szeged-csanad.hu\/leveltar\/wp-json\/wp\/v2\/media?parent=14568"}],"curies":[{"name":"wp","href":"https:\/\/api.w.org\/{rel}","templated":true}]}}