{"id":12217,"date":"2021-05-04T12:38:29","date_gmt":"2021-05-04T12:38:29","guid":{"rendered":"http:\/\/szeged-csanad.hu\/leveltar\/?page_id=12217"},"modified":"2021-10-28T17:21:45","modified_gmt":"2021-10-28T17:21:45","slug":"a-csanadi-puspokseg-tortenete","status":"publish","type":"page","link":"https:\/\/szeged-csanad.hu\/leveltar\/a-csanadi-puspokseg-tortenete\/","title":{"rendered":"A csan\u00e1di p\u00fcsp\u00f6ks\u00e9g t\u00f6rt\u00e9nete"},"content":{"rendered":"<p>Juh\u00e1sz K\u00e1lm\u00e1n: A CSAN\u00c1DI P\u00dcSP\u00d6KS\u00c9G T\u00d6RT\u00c9NETE k\u00f6teteit folyamatosan t\u00f6ltj\u00fck fel<\/p>\n","protected":false},"excerpt":{"rendered":"<p>Juh\u00e1sz K\u00e1lm\u00e1n: A CSAN\u00c1DI P\u00dcSP\u00d6KS\u00c9G T\u00d6RT\u00c9NETE k\u00f6teteit folyamatosan t\u00f6ltj\u00fck fel<\/p>\n","protected":false},"author":1,"featured_media":0,"parent":0,"menu_order":0,"comment_status":"closed","ping_status":"closed","template":"","meta":[],"yoast_head":"<!-- This site is optimized with the Yoast SEO plugin v19.9 - https:\/\/yoast.com\/wordpress\/plugins\/seo\/ -->\n<title>A csan\u00e1di p\u00fcsp\u00f6ks\u00e9g t\u00f6rt\u00e9nete - Lev\u00e9lt\u00e1r<\/title>\n<meta name=\"robots\" content=\"index, follow, max-snippet:-1, max-image-preview:large, max-video-preview:-1\" \/>\n<link rel=\"canonical\" href=\"http:\/\/szeged-csanad.hu\/leveltar\/a-csanadi-puspokseg-tortenete\/\" \/>\n<meta property=\"og:locale\" content=\"en_US\" \/>\n<meta property=\"og:type\" content=\"article\" \/>\n<meta property=\"og:title\" content=\"A csan\u00e1di p\u00fcsp\u00f6ks\u00e9g t\u00f6rt\u00e9nete - Lev\u00e9lt\u00e1r\" \/>\n<meta property=\"og:description\" content=\"Juh\u00e1sz K\u00e1lm\u00e1n: A CSAN\u00c1DI P\u00dcSP\u00d6KS\u00c9G T\u00d6RT\u00c9NETE k\u00f6teteit folyamatosan t\u00f6ltj\u00fck fel\" \/>\n<meta property=\"og:url\" content=\"http:\/\/szeged-csanad.hu\/leveltar\/a-csanadi-puspokseg-tortenete\/\" \/>\n<meta property=\"og:site_name\" content=\"Lev\u00e9lt\u00e1r\" \/>\n<meta property=\"article:modified_time\" content=\"2021-10-28T17:21:45+00:00\" \/>\n<meta name=\"twitter:card\" content=\"summary_large_image\" \/>\n<meta name=\"twitter:label1\" content=\"Est. reading time\" \/>\n\t<meta name=\"twitter:data1\" content=\"1 minute\" \/>\n<script type=\"application\/ld+json\" class=\"yoast-schema-graph\">{\"@context\":\"https:\/\/schema.org\",\"@graph\":[{\"@type\":\"WebPage\",\"@id\":\"http:\/\/szeged-csanad.hu\/leveltar\/a-csanadi-puspokseg-tortenete\/\",\"url\":\"http:\/\/szeged-csanad.hu\/leveltar\/a-csanadi-puspokseg-tortenete\/\",\"name\":\"A csan\u00e1di p\u00fcsp\u00f6ks\u00e9g t\u00f6rt\u00e9nete - Lev\u00e9lt\u00e1r\",\"isPartOf\":{\"@id\":\"http:\/\/szeged-csanad.hu\/leveltar\/#website\"},\"datePublished\":\"2021-05-04T12:38:29+00:00\",\"dateModified\":\"2021-10-28T17:21:45+00:00\",\"inLanguage\":\"en-US\",\"potentialAction\":[{\"@type\":\"ReadAction\",\"target\":[\"http:\/\/szeged-csanad.hu\/leveltar\/a-csanadi-puspokseg-tortenete\/\"]}]},{\"@type\":\"WebSite\",\"@id\":\"http:\/\/szeged-csanad.hu\/leveltar\/#website\",\"url\":\"http:\/\/szeged-csanad.hu\/leveltar\/\",\"name\":\"Lev\u00e9lt\u00e1r\",\"description\":\"\",\"potentialAction\":[{\"@type\":\"SearchAction\",\"target\":{\"@type\":\"EntryPoint\",\"urlTemplate\":\"http:\/\/szeged-csanad.hu\/leveltar\/?s={search_term_string}\"},\"query-input\":\"required name=search_term_string\"}],\"inLanguage\":\"en-US\"}]}<\/script>\n<!-- \/ Yoast SEO plugin. -->","yoast_head_json":{"title":"A csan\u00e1di p\u00fcsp\u00f6ks\u00e9g t\u00f6rt\u00e9nete - Lev\u00e9lt\u00e1r","robots":{"index":"index","follow":"follow","max-snippet":"max-snippet:-1","max-image-preview":"max-image-preview:large","max-video-preview":"max-video-preview:-1"},"canonical":"http:\/\/szeged-csanad.hu\/leveltar\/a-csanadi-puspokseg-tortenete\/","og_locale":"en_US","og_type":"article","og_title":"A csan\u00e1di p\u00fcsp\u00f6ks\u00e9g t\u00f6rt\u00e9nete - Lev\u00e9lt\u00e1r","og_description":"Juh\u00e1sz K\u00e1lm\u00e1n: A CSAN\u00c1DI P\u00dcSP\u00d6KS\u00c9G T\u00d6RT\u00c9NETE k\u00f6teteit folyamatosan t\u00f6ltj\u00fck fel","og_url":"http:\/\/szeged-csanad.hu\/leveltar\/a-csanadi-puspokseg-tortenete\/","og_site_name":"Lev\u00e9lt\u00e1r","article_modified_time":"2021-10-28T17:21:45+00:00","twitter_card":"summary_large_image","twitter_misc":{"Est. reading time":"1 minute"},"schema":{"@context":"https:\/\/schema.org","@graph":[{"@type":"WebPage","@id":"http:\/\/szeged-csanad.hu\/leveltar\/a-csanadi-puspokseg-tortenete\/","url":"http:\/\/szeged-csanad.hu\/leveltar\/a-csanadi-puspokseg-tortenete\/","name":"A csan\u00e1di p\u00fcsp\u00f6ks\u00e9g t\u00f6rt\u00e9nete - Lev\u00e9lt\u00e1r","isPartOf":{"@id":"http:\/\/szeged-csanad.hu\/leveltar\/#website"},"datePublished":"2021-05-04T12:38:29+00:00","dateModified":"2021-10-28T17:21:45+00:00","inLanguage":"en-US","potentialAction":[{"@type":"ReadAction","target":["http:\/\/szeged-csanad.hu\/leveltar\/a-csanadi-puspokseg-tortenete\/"]}]},{"@type":"WebSite","@id":"http:\/\/szeged-csanad.hu\/leveltar\/#website","url":"http:\/\/szeged-csanad.hu\/leveltar\/","name":"Lev\u00e9lt\u00e1r","description":"","potentialAction":[{"@type":"SearchAction","target":{"@type":"EntryPoint","urlTemplate":"http:\/\/szeged-csanad.hu\/leveltar\/?s={search_term_string}"},"query-input":"required name=search_term_string"}],"inLanguage":"en-US"}]}},"_links":{"self":[{"href":"https:\/\/szeged-csanad.hu\/leveltar\/wp-json\/wp\/v2\/pages\/12217"}],"collection":[{"href":"https:\/\/szeged-csanad.hu\/leveltar\/wp-json\/wp\/v2\/pages"}],"about":[{"href":"https:\/\/szeged-csanad.hu\/leveltar\/wp-json\/wp\/v2\/types\/page"}],"author":[{"embeddable":true,"href":"https:\/\/szeged-csanad.hu\/leveltar\/wp-json\/wp\/v2\/users\/1"}],"replies":[{"embeddable":true,"href":"https:\/\/szeged-csanad.hu\/leveltar\/wp-json\/wp\/v2\/comments?post=12217"}],"version-history":[{"count":18,"href":"https:\/\/szeged-csanad.hu\/leveltar\/wp-json\/wp\/v2\/pages\/12217\/revisions"}],"predecessor-version":[{"id":15488,"href":"https:\/\/szeged-csanad.hu\/leveltar\/wp-json\/wp\/v2\/pages\/12217\/revisions\/15488"}],"wp:attachment":[{"href":"https:\/\/szeged-csanad.hu\/leveltar\/wp-json\/wp\/v2\/media?parent=12217"}],"curies":[{"name":"wp","href":"https:\/\/api.w.org\/{rel}","templated":true}]}}